{"id":5582,"date":"2021-04-06T13:42:21","date_gmt":"2021-04-06T11:42:21","guid":{"rendered":"https:\/\/stiller-karosserie.de\/uslugi\/usuwanie-wgniecen\/"},"modified":"2023-07-04T15:26:27","modified_gmt":"2023-07-04T13:26:27","slug":"usuwanie-wgniecen","status":"publish","type":"page","link":"https:\/\/stiller-karosserie.de\/pl\/uslugi\/usuwanie-wgniecen\/","title":{"rendered":"Prostowanie"},"content":{"rendered":"<p><div class=\"fusion-fullwidth fullwidth-box fusion-builder-row-1 fusion-flex-container fusion-parallax-none nonhundred-percent-fullwidth non-hundred-percent-height-scrolling\" style=\"--awb-border-radius-top-left:0px;--awb-border-radius-top-right:0px;--awb-border-radius-bottom-right:0px;--awb-border-radius-bottom-left:0px;--awb-min-height:600px;--awb-min-height-small:250px;--awb-background-image:url(&quot;http:\/\/stiller-karosserie.de\/wp-content\/uploads\/2021\/05\/skl_leistungen_header12.jpg&quot;);--awb-background-size:cover;--awb-flex-wrap:wrap;\" ><div class=\"fusion-builder-row fusion-row fusion-flex-align-items-flex-start fusion-flex-content-wrap\" style=\"max-width:1216.8px;margin-left: calc(-4% \/ 2 );margin-right: calc(-4% \/ 2 );\"><div class=\"fusion-layout-column fusion_builder_column fusion-builder-column-0 fusion_builder_column_1_1 1_1 fusion-flex-column fusion-flex-align-self-flex-end\" style=\"--awb-bg-size:cover;--awb-width-large:100%;--awb-margin-top-large:0px;--awb-spacing-right-large:0px;--awb-margin-bottom-large:20px;--awb-spacing-left-large:0px;--awb-width-medium:100%;--awb-order-medium:0;--awb-spacing-right-medium:1.92%;--awb-spacing-left-medium:1.92%;--awb-width-small:100%;--awb-order-small:0;--awb-spacing-right-small:1.92%;--awb-spacing-left-small:1.92%;\"><div class=\"fusion-column-wrapper fusion-column-has-shadow fusion-flex-justify-content-flex-end fusion-content-layout-block\"><div class=\"fusion-image-element in-legacy-container\" style=\"--awb-caption-title-font-family:var(--h2_typography-font-family);--awb-caption-title-font-weight:var(--h2_typography-font-weight);--awb-caption-title-font-style:var(--h2_typography-font-style);--awb-caption-title-size:var(--h2_typography-font-size);--awb-caption-title-transform:var(--h2_typography-text-transform);--awb-caption-title-line-height:var(--h2_typography-line-height);--awb-caption-title-letter-spacing:var(--h2_typography-letter-spacing);\"><span class=\" fusion-imageframe imageframe-none imageframe-1 hover-type-none\"><img decoding=\"async\" width=\"2480\" height=\"1004\" title=\"skl_head_leistung6\" src=\"https:\/\/stiller-karosserie.de\/wp-content\/uploads\/2022\/06\/skl_head_leistung6_p.png\" alt class=\"img-responsive wp-image-4934\"\/><\/span><\/div><\/div><\/div><\/div><\/div><div class=\"fusion-fullwidth fullwidth-box fusion-builder-row-2 nonhundred-percent-fullwidth non-hundred-percent-height-scrolling\" style=\"--awb-background-position:left top;--awb-border-sizes-top:0px;--awb-border-sizes-bottom:0px;--awb-border-sizes-left:0px;--awb-border-sizes-right:0px;--awb-border-radius-top-left:0px;--awb-border-radius-top-right:0px;--awb-border-radius-bottom-right:0px;--awb-border-radius-bottom-left:0px;--awb-padding-top:60px;--awb-padding-bottom:30px;--awb-flex-wrap:wrap;\" ><div class=\"fusion-builder-row fusion-row\"><div class=\"fusion-layout-column fusion_builder_column fusion-builder-column-1 fusion_builder_column_1_1 1_1 fusion-one-full fusion-column-first fusion-column-last fusion-column-no-min-height\" style=\"--awb-padding-left:5%;--awb-bg-size:cover;\"><div class=\"fusion-column-wrapper fusion-column-has-shadow fusion-flex-column-wrapper-legacy\"><div class=\"fusion-text fusion-text-1\" style=\"--awb-text-color:#134094;\"><h1 class=\"fusion-responsive-typography-calculated\" style=\"--fontsize: 18; line-height: 1; --minfontsize: 18;\" data-fontsize=\"18\" data-lineheight=\"18px\">Naprawa smart repair przez \u201edoktora od wgniece\u0144\u201d<\/h1>\n<\/div><div class=\"fusion-clearfix\"><\/div><\/div><\/div><div class=\"fusion-layout-column fusion_builder_column fusion-builder-column-2 fusion_builder_column_1_1 1_1 fusion-one-full fusion-column-first fusion-column-last fusion-column-no-min-height\" style=\"--awb-padding-left:5%;--awb-bg-size:cover;\"><div class=\"fusion-column-wrapper fusion-column-has-shadow fusion-flex-column-wrapper-legacy\"><div class=\"fusion-title title fusion-title-1 fusion-title-text fusion-title-size-two\" style=\"--awb-font-size:var(--awb-typography2-font-size);\"><h2 class=\"fusion-title-heading title-heading-left fusion-responsive-typography-calculated\" style=\"font-family:var(--awb-typography2-font-family);font-weight:var(--awb-typography2-font-weight);font-style:var(--awb-typography2-font-style);margin:0;font-size:1em;letter-spacing:var(--awb-typography2-letter-spacing);text-transform:var(--awb-typography2-text-transform);--fontSize:30;line-height:var(--awb-typography2-line-height);\"><p style=\"text-align: left;\">WGNIECENIA I ZARYSOWANIA NIE MAJ\u0104 \u017bADNYCH SZANS<\/p><\/h2><span class=\"awb-title-spacer\"><\/span><div class=\"title-sep-container\"><div class=\"title-sep sep- sep-solid\" style=\"border-color:#e2e2e2;\"><\/div><\/div><\/div><div class=\"fusion-clearfix\"><\/div><\/div><\/div><div class=\"fusion-layout-column fusion_builder_column fusion-builder-column-3 fusion_builder_column_1_6 1_6 fusion-one-sixth fusion-column-first fusion-no-small-visibility\" style=\"--awb-bg-size:cover;width:16.666666666667%;width:calc(16.666666666667% - ( ( 4% + 4% ) * 0.16666666666667 ) );margin-right: 4%;\"><div class=\"fusion-column-wrapper fusion-column-has-shadow fusion-flex-column-wrapper-legacy\"><div class=\"fusion-clearfix\"><\/div><\/div><\/div><div class=\"fusion-layout-column fusion_builder_column fusion-builder-column-4 fusion_builder_column_2_3 2_3 fusion-two-third fusion-column-no-min-height\" style=\"--awb-bg-blend:overlay;--awb-bg-size:cover;width:66.666666666667%;width:calc(66.666666666667% - ( ( 4% + 4% ) * 0.66666666666667 ) );margin-right: 4%;\"><div class=\"fusion-column-wrapper fusion-flex-column-wrapper-legacy\"><div class=\"fusion-text fusion-text-2\"><p>Drobne uszkodzenia, takie jak zadrapania, wgniecenia i lekkie wg\u0142\u0119bienia, s\u0105 nie tylko irytuj\u0105ce, lecz cz\u0119sto obni\u017caj\u0105 r\u00f3wnie\u017c warto\u015b\u0107 pojazdu. Aby zapobiec tworzeniu si\u0119 rdzy w tych miejscach, nale\u017cy reagowa\u0107 szybko i zdecydowanie. Cz\u0119sto dobrym rozwi\u0105zaniem jest atrakcyjna cenowo naprawa typu \u201esmart repair\u201d.  <\/p>\n<p>W przypadku tej innowacyjnej metody nasi wyszkoleni pracownicy do usuwania wgniece\u0144 u\u017cywaj\u0105 specjalnych narz\u0119dzi, takich jak d\u017awignie, pobijaki i punktaki. W ramach smart repair konieczne mo\u017ce by\u0107 r\u00f3wnie\u017c cz\u0119\u015bciowe lakierowanie karoserii. Jednak nie zawsze mo\u017cna podda\u0107 temu procesowi wszystkie elementy pojazdu \u2013 przede wszystkim ze wzgl\u0119du na konieczno\u015b\u0107 unikni\u0119cia r\u00f3\u017cnic w kolorze.  <\/p>\n<p>Zalety smart repair wida\u0107 jak na d\u0142oni:<\/p>\n<ul>\n<li>kr\u00f3tki czas oczekiwania<\/li>\n<li>przyspieszenie czasu naprawy<\/li>\n<li>brak kosztownych prac przygotowawczych i materia\u0142\u00f3w lakierniczych<\/li>\n<li>stabilizacja warto\u015bci pojazdu<\/li>\n<\/ul>\n<\/div><div class=\"fusion-sep-clear\"><\/div><div class=\"fusion-separator fusion-full-width-sep\" style=\"margin-left: auto;margin-right: auto;margin-top:15px;width:100%;\"><\/div><div class=\"fusion-sep-clear\"><\/div><div class=\"fusion-button-wrapper\"><a class=\"fusion-button button-flat fusion-button-default-size button-default fusion-button-default button-1 fusion-button-default-span fusion-button-default-type\" target=\"_self\" href=\"http:\/\/stiller-karosserie.de\/kontakt\/\"><span class=\"fusion-button-text awb-button__text awb-button__text--default\">KONTAKT<\/span><\/a><\/div><div class=\"fusion-clearfix\"><\/div><\/div><\/div><div class=\"fusion-layout-column fusion_builder_column fusion-builder-column-5 fusion_builder_column_1_6 1_6 fusion-one-sixth fusion-column-last fusion-no-small-visibility\" style=\"--awb-bg-blend:overlay;--awb-bg-size:cover;width:16.666666666667%;width:calc(16.666666666667% - ( ( 4% + 4% ) * 0.16666666666667 ) );\"><div class=\"fusion-column-wrapper fusion-column-has-shadow fusion-flex-column-wrapper-legacy\"><div class=\"fusion-clearfix\"><\/div><\/div><\/div><\/div><\/div><\/p>\n","protected":false},"excerpt":{"rendered":"","protected":false},"author":2,"featured_media":0,"parent":5581,"menu_order":0,"comment_status":"closed","ping_status":"closed","template":"100-width.php","meta":{"footnotes":""},"class_list":["post-5582","page","type-page","status-publish","hentry"],"yoast_head":"<!-- This site is optimized with the Yoast SEO plugin v26.8 - https:\/\/yoast.com\/product\/yoast-seo-wordpress\/ -->\n<title>Prostowanie | STILLER<\/title>\n<meta name=\"robots\" content=\"index, follow, max-snippet:-1, max-image-preview:large, max-video-preview:-1\" \/>\n<link rel=\"canonical\" href=\"https:\/\/stiller-karosserie.de\/pl\/uslugi\/usuwanie-wgniecen\/\" \/>\n<meta property=\"og:locale\" content=\"pl_PL\" \/>\n<meta property=\"og:type\" content=\"article\" \/>\n<meta property=\"og:title\" content=\"Prostowanie | STILLER\" \/>\n<meta property=\"og:url\" content=\"https:\/\/stiller-karosserie.de\/pl\/uslugi\/usuwanie-wgniecen\/\" \/>\n<meta property=\"og:site_name\" content=\"STILLER\" \/>\n<meta property=\"article:publisher\" content=\"https:\/\/www.facebook.com\/people\/Karosseriebau-und-Autolackierei-Stiller\/100063499455041\/\" \/>\n<meta property=\"article:modified_time\" content=\"2023-07-04T13:26:27+00:00\" \/>\n<script type=\"application\/ld+json\" class=\"yoast-schema-graph\">{\"@context\":\"https:\/\/schema.org\",\"@graph\":[{\"@type\":\"WebPage\",\"@id\":\"https:\/\/stiller-karosserie.de\/pl\/uslugi\/usuwanie-wgniecen\/\",\"url\":\"https:\/\/stiller-karosserie.de\/pl\/uslugi\/usuwanie-wgniecen\/\",\"name\":\"Prostowanie | STILLER\",\"isPartOf\":{\"@id\":\"https:\/\/stiller-karosserie.de\/pl\/#website\"},\"datePublished\":\"2021-04-06T11:42:21+00:00\",\"dateModified\":\"2023-07-04T13:26:27+00:00\",\"breadcrumb\":{\"@id\":\"https:\/\/stiller-karosserie.de\/pl\/uslugi\/usuwanie-wgniecen\/#breadcrumb\"},\"inLanguage\":\"pl-PL\",\"potentialAction\":[{\"@type\":\"ReadAction\",\"target\":[\"https:\/\/stiller-karosserie.de\/pl\/uslugi\/usuwanie-wgniecen\/\"]}]},{\"@type\":\"BreadcrumbList\",\"@id\":\"https:\/\/stiller-karosserie.de\/pl\/uslugi\/usuwanie-wgniecen\/#breadcrumb\",\"itemListElement\":[{\"@type\":\"ListItem\",\"position\":1,\"name\":\"Startseite\",\"item\":\"https:\/\/stiller-karosserie.de\/pl\/home\/\"},{\"@type\":\"ListItem\",\"position\":2,\"name\":\"US\u0141UGI\",\"item\":\"https:\/\/stiller-karosserie.de\/pl\/uslugi\/\"},{\"@type\":\"ListItem\",\"position\":3,\"name\":\"Prostowanie\"}]},{\"@type\":\"WebSite\",\"@id\":\"https:\/\/stiller-karosserie.de\/pl\/#website\",\"url\":\"https:\/\/stiller-karosserie.de\/pl\/\",\"name\":\"Stiller - Autolackiererei und Karosseriewerkstatt\",\"description\":\"Fachwerkstatt f\u00fcr Karosseriebau und Fahrzeuglackierung in M\u00fcnster-Nienberge\",\"publisher\":{\"@id\":\"https:\/\/stiller-karosserie.de\/pl\/#organization\"},\"potentialAction\":[{\"@type\":\"SearchAction\",\"target\":{\"@type\":\"EntryPoint\",\"urlTemplate\":\"https:\/\/stiller-karosserie.de\/pl\/?s={search_term_string}\"},\"query-input\":{\"@type\":\"PropertyValueSpecification\",\"valueRequired\":true,\"valueName\":\"search_term_string\"}}],\"inLanguage\":\"pl-PL\"},{\"@type\":\"Organization\",\"@id\":\"https:\/\/stiller-karosserie.de\/pl\/#organization\",\"name\":\"Stiller Karosseriebau und Fahrzeuglackierung\",\"url\":\"https:\/\/stiller-karosserie.de\/pl\/\",\"logo\":{\"@type\":\"ImageObject\",\"inLanguage\":\"pl-PL\",\"@id\":\"https:\/\/stiller-karosserie.de\/pl\/#\/schema\/logo\/image\/\",\"url\":\"https:\/\/stiller-karosserie.de\/wp-content\/uploads\/2021\/03\/skl_logo_400.png\",\"contentUrl\":\"https:\/\/stiller-karosserie.de\/wp-content\/uploads\/2021\/03\/skl_logo_400.png\",\"width\":400,\"height\":214,\"caption\":\"Stiller Karosseriebau und Fahrzeuglackierung\"},\"image\":{\"@id\":\"https:\/\/stiller-karosserie.de\/pl\/#\/schema\/logo\/image\/\"},\"sameAs\":[\"https:\/\/www.facebook.com\/people\/Karosseriebau-und-Autolackierei-Stiller\/100063499455041\/\",\"https:\/\/www.instagram.com\/stiller_karosseriebau\/\"]}]}<\/script>\n<!-- \/ Yoast SEO plugin. -->","yoast_head_json":{"title":"Prostowanie | STILLER","robots":{"index":"index","follow":"follow","max-snippet":"max-snippet:-1","max-image-preview":"max-image-preview:large","max-video-preview":"max-video-preview:-1"},"canonical":"https:\/\/stiller-karosserie.de\/pl\/uslugi\/usuwanie-wgniecen\/","og_locale":"pl_PL","og_type":"article","og_title":"Prostowanie | STILLER","og_url":"https:\/\/stiller-karosserie.de\/pl\/uslugi\/usuwanie-wgniecen\/","og_site_name":"STILLER","article_publisher":"https:\/\/www.facebook.com\/people\/Karosseriebau-und-Autolackierei-Stiller\/100063499455041\/","article_modified_time":"2023-07-04T13:26:27+00:00","schema":{"@context":"https:\/\/schema.org","@graph":[{"@type":"WebPage","@id":"https:\/\/stiller-karosserie.de\/pl\/uslugi\/usuwanie-wgniecen\/","url":"https:\/\/stiller-karosserie.de\/pl\/uslugi\/usuwanie-wgniecen\/","name":"Prostowanie | STILLER","isPartOf":{"@id":"https:\/\/stiller-karosserie.de\/pl\/#website"},"datePublished":"2021-04-06T11:42:21+00:00","dateModified":"2023-07-04T13:26:27+00:00","breadcrumb":{"@id":"https:\/\/stiller-karosserie.de\/pl\/uslugi\/usuwanie-wgniecen\/#breadcrumb"},"inLanguage":"pl-PL","potentialAction":[{"@type":"ReadAction","target":["https:\/\/stiller-karosserie.de\/pl\/uslugi\/usuwanie-wgniecen\/"]}]},{"@type":"BreadcrumbList","@id":"https:\/\/stiller-karosserie.de\/pl\/uslugi\/usuwanie-wgniecen\/#breadcrumb","itemListElement":[{"@type":"ListItem","position":1,"name":"Startseite","item":"https:\/\/stiller-karosserie.de\/pl\/home\/"},{"@type":"ListItem","position":2,"name":"US\u0141UGI","item":"https:\/\/stiller-karosserie.de\/pl\/uslugi\/"},{"@type":"ListItem","position":3,"name":"Prostowanie"}]},{"@type":"WebSite","@id":"https:\/\/stiller-karosserie.de\/pl\/#website","url":"https:\/\/stiller-karosserie.de\/pl\/","name":"Stiller - Autolackiererei und Karosseriewerkstatt","description":"Fachwerkstatt f\u00fcr Karosseriebau und Fahrzeuglackierung in M\u00fcnster-Nienberge","publisher":{"@id":"https:\/\/stiller-karosserie.de\/pl\/#organization"},"potentialAction":[{"@type":"SearchAction","target":{"@type":"EntryPoint","urlTemplate":"https:\/\/stiller-karosserie.de\/pl\/?s={search_term_string}"},"query-input":{"@type":"PropertyValueSpecification","valueRequired":true,"valueName":"search_term_string"}}],"inLanguage":"pl-PL"},{"@type":"Organization","@id":"https:\/\/stiller-karosserie.de\/pl\/#organization","name":"Stiller Karosseriebau und Fahrzeuglackierung","url":"https:\/\/stiller-karosserie.de\/pl\/","logo":{"@type":"ImageObject","inLanguage":"pl-PL","@id":"https:\/\/stiller-karosserie.de\/pl\/#\/schema\/logo\/image\/","url":"https:\/\/stiller-karosserie.de\/wp-content\/uploads\/2021\/03\/skl_logo_400.png","contentUrl":"https:\/\/stiller-karosserie.de\/wp-content\/uploads\/2021\/03\/skl_logo_400.png","width":400,"height":214,"caption":"Stiller Karosseriebau und Fahrzeuglackierung"},"image":{"@id":"https:\/\/stiller-karosserie.de\/pl\/#\/schema\/logo\/image\/"},"sameAs":["https:\/\/www.facebook.com\/people\/Karosseriebau-und-Autolackierei-Stiller\/100063499455041\/","https:\/\/www.instagram.com\/stiller_karosseriebau\/"]}]}},"_links":{"self":[{"href":"https:\/\/stiller-karosserie.de\/pl\/wp-json\/wp\/v2\/pages\/5582","targetHints":{"allow":["GET"]}}],"collection":[{"href":"https:\/\/stiller-karosserie.de\/pl\/wp-json\/wp\/v2\/pages"}],"about":[{"href":"https:\/\/stiller-karosserie.de\/pl\/wp-json\/wp\/v2\/types\/page"}],"author":[{"embeddable":true,"href":"https:\/\/stiller-karosserie.de\/pl\/wp-json\/wp\/v2\/users\/2"}],"replies":[{"embeddable":true,"href":"https:\/\/stiller-karosserie.de\/pl\/wp-json\/wp\/v2\/comments?post=5582"}],"version-history":[{"count":5,"href":"https:\/\/stiller-karosserie.de\/pl\/wp-json\/wp\/v2\/pages\/5582\/revisions"}],"predecessor-version":[{"id":6154,"href":"https:\/\/stiller-karosserie.de\/pl\/wp-json\/wp\/v2\/pages\/5582\/revisions\/6154"}],"up":[{"embeddable":true,"href":"https:\/\/stiller-karosserie.de\/pl\/wp-json\/wp\/v2\/pages\/5581"}],"wp:attachment":[{"href":"https:\/\/stiller-karosserie.de\/pl\/wp-json\/wp\/v2\/media?parent=5582"}],"curies":[{"name":"wp","href":"https:\/\/api.w.org\/{rel}","templated":true}]}}