{"id":5599,"date":"2021-04-06T11:45:19","date_gmt":"2021-04-06T09:45:19","guid":{"rendered":"https:\/\/stiller-karosserie.de\/uslugi\/blacharnia\/"},"modified":"2024-06-25T14:09:43","modified_gmt":"2024-06-25T12:09:43","slug":"blacharnia","status":"publish","type":"page","link":"https:\/\/stiller-karosserie.de\/pl\/uslugi\/blacharnia\/","title":{"rendered":"BLACHARNIA"},"content":{"rendered":"<p><div class=\"fusion-fullwidth fullwidth-box fusion-builder-row-1 fusion-flex-container fusion-parallax-none nonhundred-percent-fullwidth non-hundred-percent-height-scrolling\" style=\"--awb-border-radius-top-left:0px;--awb-border-radius-top-right:0px;--awb-border-radius-bottom-right:0px;--awb-border-radius-bottom-left:0px;--awb-min-height:600px;--awb-min-height-small:250px;--awb-background-image:url(&quot;http:\/\/stiller-karosserie.de\/wp-content\/uploads\/2021\/05\/skl_leistungen_header15.jpg&quot;);--awb-background-size:cover;--awb-flex-wrap:wrap;\" ><div class=\"fusion-builder-row fusion-row fusion-flex-align-items-flex-start fusion-flex-content-wrap\" style=\"max-width:1216.8px;margin-left: calc(-4% \/ 2 );margin-right: calc(-4% \/ 2 );\"><div class=\"fusion-layout-column fusion_builder_column fusion-builder-column-0 fusion_builder_column_1_1 1_1 fusion-flex-column fusion-flex-align-self-flex-end\" style=\"--awb-bg-size:cover;--awb-width-large:100%;--awb-margin-top-large:0px;--awb-spacing-right-large:0px;--awb-margin-bottom-large:20px;--awb-spacing-left-large:0px;--awb-width-medium:100%;--awb-order-medium:0;--awb-spacing-right-medium:1.92%;--awb-spacing-left-medium:1.92%;--awb-width-small:100%;--awb-order-small:0;--awb-spacing-right-small:1.92%;--awb-spacing-left-small:1.92%;\"><div class=\"fusion-column-wrapper fusion-column-has-shadow fusion-flex-justify-content-flex-end fusion-content-layout-block\"><div class=\"fusion-image-element in-legacy-container\" style=\"--awb-caption-title-font-family:var(--h2_typography-font-family);--awb-caption-title-font-weight:var(--h2_typography-font-weight);--awb-caption-title-font-style:var(--h2_typography-font-style);--awb-caption-title-size:var(--h2_typography-font-size);--awb-caption-title-transform:var(--h2_typography-text-transform);--awb-caption-title-line-height:var(--h2_typography-line-height);--awb-caption-title-letter-spacing:var(--h2_typography-letter-spacing);\"><span class=\" fusion-imageframe imageframe-none imageframe-1 hover-type-none\"><img decoding=\"async\" width=\"2480\" height=\"1004\" title=\"skl_head_leistung2_p\" src=\"https:\/\/stiller-karosserie.de\/wp-content\/uploads\/2022\/06\/skl_head_leistung2_p.png\" alt class=\"img-responsive wp-image-5516\" srcset=\"https:\/\/stiller-karosserie.de\/wp-content\/uploads\/2022\/06\/skl_head_leistung2_p-200x81.png 200w, https:\/\/stiller-karosserie.de\/wp-content\/uploads\/2022\/06\/skl_head_leistung2_p-400x162.png 400w, https:\/\/stiller-karosserie.de\/wp-content\/uploads\/2022\/06\/skl_head_leistung2_p-600x243.png 600w, https:\/\/stiller-karosserie.de\/wp-content\/uploads\/2022\/06\/skl_head_leistung2_p-800x324.png 800w, https:\/\/stiller-karosserie.de\/wp-content\/uploads\/2022\/06\/skl_head_leistung2_p-1200x486.png 1200w, https:\/\/stiller-karosserie.de\/wp-content\/uploads\/2022\/06\/skl_head_leistung2_p.png 2480w\" sizes=\"(max-width: 1024px) 100vw, (max-width: 640px) 100vw, 1200px\" \/><\/span><\/div><\/div><\/div><\/div><\/div><div class=\"fusion-fullwidth fullwidth-box fusion-builder-row-2 nonhundred-percent-fullwidth non-hundred-percent-height-scrolling\" style=\"--awb-background-position:left top;--awb-border-sizes-top:0px;--awb-border-sizes-bottom:0px;--awb-border-sizes-left:0px;--awb-border-sizes-right:0px;--awb-border-radius-top-left:0px;--awb-border-radius-top-right:0px;--awb-border-radius-bottom-right:0px;--awb-border-radius-bottom-left:0px;--awb-padding-top:60px;--awb-padding-bottom:30px;--awb-flex-wrap:wrap;\" ><div class=\"fusion-builder-row fusion-row\"><div class=\"fusion-layout-column fusion_builder_column fusion-builder-column-1 fusion_builder_column_1_1 1_1 fusion-one-full fusion-column-first fusion-column-last fusion-column-no-min-height\" style=\"--awb-padding-left:5%;--awb-bg-size:cover;\"><div class=\"fusion-column-wrapper fusion-column-has-shadow fusion-flex-column-wrapper-legacy\"><div class=\"fusion-text fusion-text-1\" style=\"--awb-text-color:#134094;\"><h1 class=\"fusion-responsive-typography-calculated\" style=\"--fontsize: 18; line-height: 1; --minfontsize: 18;\" data-fontsize=\"18\" data-lineheight=\"18px\">Naprawy blacharskie wykonywane przez ekspert\u00f3w<\/h1>\n<\/div><div class=\"fusion-clearfix\"><\/div><\/div><\/div><div class=\"fusion-layout-column fusion_builder_column fusion-builder-column-2 fusion_builder_column_1_1 1_1 fusion-one-full fusion-column-first fusion-column-last fusion-column-no-min-height\" style=\"--awb-padding-left:5%;--awb-bg-size:cover;\"><div class=\"fusion-column-wrapper fusion-column-has-shadow fusion-flex-column-wrapper-legacy\"><div class=\"fusion-title title fusion-title-1 fusion-title-text fusion-title-size-two\"><h2 class=\"fusion-title-heading title-heading-left fusion-responsive-typography-calculated\" style=\"margin:0;--fontSize:30;line-height:1;\"><p style=\"text-align: left;\">NA KO\u0143CU WCALE NIE WIDA\u0106 R\u00d3\u017bNICY<\/p><\/h2><span class=\"awb-title-spacer\"><\/span><div class=\"title-sep-container\"><div class=\"title-sep sep- sep-solid\" style=\"border-color:#e2e2e2;\"><\/div><\/div><\/div><div class=\"fusion-clearfix\"><\/div><\/div><\/div><div class=\"fusion-layout-column fusion_builder_column fusion-builder-column-3 fusion_builder_column_1_6 1_6 fusion-one-sixth fusion-column-first fusion-no-small-visibility\" style=\"--awb-bg-size:cover;width:16.666666666667%;width:calc(16.666666666667% - ( ( 4% + 4% ) * 0.16666666666667 ) );margin-right: 4%;\"><div class=\"fusion-column-wrapper fusion-column-has-shadow fusion-flex-column-wrapper-legacy\"><div class=\"fusion-clearfix\"><\/div><\/div><\/div><div class=\"fusion-layout-column fusion_builder_column fusion-builder-column-4 fusion_builder_column_2_3 2_3 fusion-two-third fusion-column-no-min-height\" style=\"--awb-bg-blend:overlay;--awb-bg-size:cover;width:66.666666666667%;width:calc(66.666666666667% - ( ( 4% + 4% ) * 0.66666666666667 ) );margin-right: 4%;\"><div class=\"fusion-column-wrapper fusion-flex-column-wrapper-legacy\"><div class=\"fusion-text fusion-text-2\"><p>Wszystkie prace blacharskie wykonujemy w naszym warsztacie w M\u00fcnster-Nienberge i oferujemy kompletny serwis dla wszystkich marek samochod\u00f3w. Czy to spawanie, prostowanie blach, wciskanie, wyklepywanie, czy wyci\u0105ganie: zajmiemy si\u0119 ka\u017cdym autem powypadkowym i przywr\u00f3cimy go profesjonalnie do pierwotnej formy. <\/p>\n<h6>Prostowanie<\/h6>\n<p>Stosujemy zar\u00f3wno sprawdzone, jak i nowe, innowacyjne technologie: spottery do aluminium, spottery, urz\u0105dzenia indukcyjne (do wycinania szyb i uszczelniania spoin bez pozostawiania \u015blad\u00f3w), m\u0142oty udarowe, m\u0142oty, \u0142y\u017cki do karoserii samochodowych, p\u0142askowniki.<\/p>\n<h6>Wycinanie<\/h6>\n<p>Do wycinania uszkodzonych cz\u0119\u015bci u\u017cywamy wycinarek flex i fiber, a tak\u017ce wiertarek do zgrzewania punktowego, urz\u0105dze\u0144 indukcyjnych, pi\u0142 do karoserii, tarcz tn\u0105cych i pi\u0142 r\u0119cznych.<\/p>\n<h6>Monta\u017c<\/h6>\n<p>Nowe cz\u0119\u015bci montujemy przy u\u017cyciu takich metod i urz\u0105dze\u0144 jak: zgrzewarki MIGMAG, zgrzewarki punktowe oporowe firmy Elma-Tech (inwertorowe), kleje i nity (do nowszych modeli, np. BMW), kleszcze nituj\u0105ce firm Wiel\u00e4nder i Schill (X-Press 8000), uszczelnianie spoin i cynowanie.<\/p>\n<\/div><div class=\"fusion-sep-clear\"><\/div><div class=\"fusion-separator fusion-full-width-sep\" style=\"margin-left: auto;margin-right: auto;margin-top:15px;width:100%;\"><\/div><div class=\"fusion-sep-clear\"><\/div><div class=\"fusion-button-wrapper\"><a class=\"fusion-button button-flat fusion-button-default-size button-default fusion-button-default button-1 fusion-button-default-span fusion-button-default-type\" target=\"_self\" href=\"https:\/\/stiller-karosserie.de\/pl\/kontakt\/\"><span class=\"fusion-button-text awb-button__text awb-button__text--default\">KONTAKT<\/span><\/a><\/div><div class=\"fusion-clearfix\"><\/div><\/div><\/div><div class=\"fusion-layout-column fusion_builder_column fusion-builder-column-5 fusion_builder_column_1_6 1_6 fusion-one-sixth fusion-column-last fusion-no-small-visibility\" style=\"--awb-bg-blend:overlay;--awb-bg-size:cover;width:16.666666666667%;width:calc(16.666666666667% - ( ( 4% + 4% ) * 0.16666666666667 ) );\"><div class=\"fusion-column-wrapper fusion-column-has-shadow fusion-flex-column-wrapper-legacy\"><div class=\"fusion-clearfix\"><\/div><\/div><\/div><\/div><\/div><div class=\"fusion-fullwidth fullwidth-box fusion-builder-row-3 fusion-flex-container nonhundred-percent-fullwidth non-hundred-percent-height-scrolling\" style=\"--awb-border-radius-top-left:0px;--awb-border-radius-top-right:0px;--awb-border-radius-bottom-right:0px;--awb-border-radius-bottom-left:0px;--awb-padding-right:5%;--awb-padding-left:5%;--awb-margin-bottom:5%;--awb-flex-wrap:wrap;\" ><div class=\"fusion-builder-row fusion-row fusion-flex-align-items-center fusion-flex-justify-content-center fusion-flex-content-wrap\" style=\"max-width:1216.8px;margin-left: calc(-4% \/ 2 );margin-right: calc(-4% \/ 2 );\"><div class=\"fusion-layout-column fusion_builder_column fusion-builder-column-6 fusion-flex-column\" style=\"--awb-bg-size:cover;--awb-width-large:10%;--awb-margin-top-large:0px;--awb-spacing-right-large:19.2%;--awb-margin-bottom-large:20px;--awb-spacing-left-large:19.2%;--awb-width-medium:100%;--awb-order-medium:0;--awb-spacing-right-medium:1.92%;--awb-spacing-left-medium:1.92%;--awb-width-small:100%;--awb-order-small:0;--awb-spacing-right-small:1.92%;--awb-spacing-left-small:1.92%;\"><div class=\"fusion-column-wrapper fusion-column-has-shadow fusion-flex-justify-content-flex-start fusion-content-layout-column\"><\/div><\/div><div class=\"fusion-layout-column fusion_builder_column fusion-builder-column-7 fusion_builder_column_3_4 3_4 fusion-flex-column\" style=\"--awb-bg-size:cover;--awb-width-large:75%;--awb-margin-top-large:0px;--awb-spacing-right-large:0%;--awb-margin-bottom-large:0px;--awb-spacing-left-large:0px;--awb-width-medium:100%;--awb-order-medium:0;--awb-spacing-right-medium:1.92%;--awb-spacing-left-medium:1.92%;--awb-width-small:100%;--awb-order-small:0;--awb-spacing-right-small:1.92%;--awb-spacing-left-small:1.92%;\"><div class=\"fusion-column-wrapper fusion-column-has-shadow fusion-flex-justify-content-flex-start fusion-content-layout-column\"><div class=\"fusion-text fusion-text-3\" style=\"--awb-font-size:28px;--awb-line-height:1.4;--awb-text-color:var(--awb-custom_color_1);--awb-text-font-family:var(--awb-typography2-font-family);--awb-text-font-weight:var(--awb-typography2-font-weight);--awb-text-font-style:var(--awb-typography2-font-style);\"><p>Regularnie mo\u017cesz znale\u017a\u0107 wgl\u0105d w nasz\u0105 codzienn\u0105 prac\u0119 w warsztacie oraz ekscytuj\u0105ce zdj\u0119cia przed i po na naszych kana\u0142ach spo\u0142eczno\u015bciowych. <\/p>\n<\/div><\/div><\/div><div class=\"fusion-layout-column fusion_builder_column fusion-builder-column-8 fusion-flex-column\" style=\"--awb-bg-size:cover;--awb-width-large:10%;--awb-margin-top-large:0px;--awb-spacing-right-large:19.2%;--awb-margin-bottom-large:20px;--awb-spacing-left-large:19.2%;--awb-width-medium:100%;--awb-order-medium:0;--awb-spacing-right-medium:1.92%;--awb-spacing-left-medium:1.92%;--awb-width-small:100%;--awb-order-small:0;--awb-spacing-right-small:1.92%;--awb-spacing-left-small:1.92%;\"><div class=\"fusion-column-wrapper fusion-column-has-shadow fusion-flex-justify-content-flex-start fusion-content-layout-column\"><\/div><\/div><div class=\"fusion-layout-column fusion_builder_column fusion-builder-column-9 fusion-flex-column fusion-column-inner-bg-wrapper\" style=\"--awb-inner-bg-size:cover;--awb-width-large:15%;--awb-margin-top-large:0px;--awb-spacing-right-large:12.8%;--awb-margin-bottom-large:20px;--awb-spacing-left-large:12.8%;--awb-width-medium:50%;--awb-order-medium:0;--awb-spacing-right-medium:3.84%;--awb-spacing-left-medium:3.84%;--awb-width-small:50%;--awb-order-small:0;--awb-spacing-right-small:3.84%;--awb-spacing-left-small:3.84%;\"><span class=\"fusion-column-inner-bg hover-type-none\"><a class=\"fusion-column-anchor\" href=\"https:\/\/www.facebook.com\/Karosseriebau-und-Autolackierei-Stiller-284316015096765\/\" rel=\"noopener noreferrer\" target=\"_blank\"><span class=\"fusion-column-inner-bg-image\"><\/span><\/a><\/span><div class=\"fusion-column-wrapper fusion-column-has-shadow fusion-flex-justify-content-flex-start fusion-content-layout-column\"><i class=\"fb-icon-element-1 fb-icon-element fontawesome-icon fa-facebook-square fab circle-no fusion-text-flow\" style=\"--awb-iconcolor:var(--awb-custom_color_1);--awb-iconcolor-hover:var(--awb-custom_color_1);--awb-circlecolor:var(--awb-custom_color_1);--awb-font-size:50px;--awb-margin-right:25px;\"><\/i><\/div><\/div><div class=\"fusion-layout-column fusion_builder_column fusion-builder-column-10 fusion-flex-column fusion-column-inner-bg-wrapper\" style=\"--awb-inner-bg-size:cover;--awb-width-large:15%;--awb-margin-top-large:0px;--awb-spacing-right-large:12.8%;--awb-margin-bottom-large:20px;--awb-spacing-left-large:12.8%;--awb-width-medium:50%;--awb-order-medium:0;--awb-spacing-right-medium:3.84%;--awb-spacing-left-medium:3.84%;--awb-width-small:50%;--awb-order-small:0;--awb-spacing-right-small:3.84%;--awb-spacing-left-small:3.84%;\"><span class=\"fusion-column-inner-bg hover-type-none\"><a class=\"fusion-column-anchor\" href=\"https:\/\/www.facebook.com\/Karosseriebau-und-Autolackierei-Stiller-284316015096765\/\" rel=\"noopener noreferrer\" target=\"_blank\"><span class=\"fusion-column-inner-bg-image\"><\/span><\/a><\/span><div class=\"fusion-column-wrapper fusion-column-has-shadow fusion-flex-justify-content-flex-start fusion-content-layout-column\"><i class=\"fb-icon-element-2 fb-icon-element fontawesome-icon fa-instagram fab circle-no fusion-text-flow\" style=\"--awb-iconcolor:var(--awb-custom_color_1);--awb-iconcolor-hover:var(--awb-custom_color_1);--awb-circlecolor:var(--awb-custom_color_1);--awb-font-size:50px;--awb-margin-right:25px;\"><\/i><\/div><\/div><div class=\"fusion-layout-column fusion_builder_column fusion-builder-column-11 fusion-flex-column fusion-column-inner-bg-wrapper\" style=\"--awb-inner-bg-size:cover;--awb-width-large:15%;--awb-margin-top-large:0px;--awb-spacing-right-large:12.8%;--awb-margin-bottom-large:20px;--awb-spacing-left-large:12.8%;--awb-width-medium:50%;--awb-order-medium:0;--awb-spacing-right-medium:3.84%;--awb-spacing-left-medium:3.84%;--awb-width-small:50%;--awb-order-small:0;--awb-spacing-right-small:3.84%;--awb-spacing-left-small:3.84%;\"><span class=\"fusion-column-inner-bg hover-type-none\"><a class=\"fusion-column-anchor\" href=\"https:\/\/www.tiktok.com\/@stiller.karosserie?is_from_webapp=1&#038;sender_device=pc\" rel=\"noopener noreferrer\" target=\"_blank\"><span class=\"fusion-column-inner-bg-image\"><\/span><\/a><\/span><div class=\"fusion-column-wrapper fusion-column-has-shadow fusion-flex-justify-content-flex-start fusion-content-layout-column\"><i class=\"fb-icon-element-3 fb-icon-element fontawesome-icon fa-tiktok fab circle-no fusion-text-flow\" style=\"--awb-iconcolor:var(--awb-custom_color_1);--awb-iconcolor-hover:var(--awb-custom_color_1);--awb-circlecolor:var(--awb-custom_color_1);--awb-font-size:50px;--awb-margin-right:25px;\"><\/i><\/div><\/div><div class=\"fusion-layout-column fusion_builder_column fusion-builder-column-12 fusion-flex-column fusion-column-inner-bg-wrapper\" style=\"--awb-inner-bg-size:cover;--awb-width-large:15%;--awb-margin-top-large:0px;--awb-spacing-right-large:12.8%;--awb-margin-bottom-large:20px;--awb-spacing-left-large:12.8%;--awb-width-medium:50%;--awb-order-medium:0;--awb-spacing-right-medium:3.84%;--awb-spacing-left-medium:3.84%;--awb-width-small:50%;--awb-order-small:0;--awb-spacing-right-small:3.84%;--awb-spacing-left-small:3.84%;\"><span class=\"fusion-column-inner-bg hover-type-none\"><a class=\"fusion-column-anchor\" href=\"https:\/\/www.linkedin.com\/company\/karosseriebau-und-fahrzeuglackierung-stiller\/\" rel=\"noopener noreferrer\" target=\"_blank\"><span class=\"fusion-column-inner-bg-image\"><\/span><\/a><\/span><div class=\"fusion-column-wrapper fusion-column-has-shadow fusion-flex-justify-content-flex-start fusion-content-layout-column\"><i class=\"fb-icon-element-4 fb-icon-element fontawesome-icon fa-linkedin-in fab circle-no fusion-text-flow\" style=\"--awb-iconcolor:var(--awb-custom_color_1);--awb-iconcolor-hover:var(--awb-custom_color_1);--awb-circlecolor:var(--awb-custom_color_1);--awb-font-size:50px;--awb-margin-right:25px;\"><\/i><\/div><\/div><\/div><\/div>\n<\/p>\n","protected":false},"excerpt":{"rendered":"","protected":false},"author":2,"featured_media":0,"parent":5581,"menu_order":0,"comment_status":"closed","ping_status":"closed","template":"100-width.php","meta":{"footnotes":""},"class_list":["post-5599","page","type-page","status-publish","hentry"],"yoast_head":"<!-- This site is optimized with the Yoast SEO plugin v26.8 - https:\/\/yoast.com\/product\/yoast-seo-wordpress\/ -->\n<title>BLACHARNIA | STILLER<\/title>\n<meta name=\"robots\" content=\"index, follow, max-snippet:-1, max-image-preview:large, max-video-preview:-1\" \/>\n<link rel=\"canonical\" href=\"https:\/\/stiller-karosserie.de\/pl\/uslugi\/blacharnia\/\" \/>\n<meta property=\"og:locale\" content=\"pl_PL\" \/>\n<meta property=\"og:type\" content=\"article\" \/>\n<meta property=\"og:title\" content=\"BLACHARNIA | STILLER\" \/>\n<meta property=\"og:url\" content=\"https:\/\/stiller-karosserie.de\/pl\/uslugi\/blacharnia\/\" \/>\n<meta property=\"og:site_name\" content=\"STILLER\" \/>\n<meta property=\"article:publisher\" content=\"https:\/\/www.facebook.com\/people\/Karosseriebau-und-Autolackierei-Stiller\/100063499455041\/\" \/>\n<meta property=\"article:modified_time\" content=\"2024-06-25T12:09:43+00:00\" \/>\n<script type=\"application\/ld+json\" class=\"yoast-schema-graph\">{\"@context\":\"https:\/\/schema.org\",\"@graph\":[{\"@type\":\"WebPage\",\"@id\":\"https:\/\/stiller-karosserie.de\/pl\/uslugi\/blacharnia\/\",\"url\":\"https:\/\/stiller-karosserie.de\/pl\/uslugi\/blacharnia\/\",\"name\":\"BLACHARNIA | STILLER\",\"isPartOf\":{\"@id\":\"https:\/\/stiller-karosserie.de\/pl\/#website\"},\"datePublished\":\"2021-04-06T09:45:19+00:00\",\"dateModified\":\"2024-06-25T12:09:43+00:00\",\"breadcrumb\":{\"@id\":\"https:\/\/stiller-karosserie.de\/pl\/uslugi\/blacharnia\/#breadcrumb\"},\"inLanguage\":\"pl-PL\",\"potentialAction\":[{\"@type\":\"ReadAction\",\"target\":[\"https:\/\/stiller-karosserie.de\/pl\/uslugi\/blacharnia\/\"]}]},{\"@type\":\"BreadcrumbList\",\"@id\":\"https:\/\/stiller-karosserie.de\/pl\/uslugi\/blacharnia\/#breadcrumb\",\"itemListElement\":[{\"@type\":\"ListItem\",\"position\":1,\"name\":\"Startseite\",\"item\":\"https:\/\/stiller-karosserie.de\/pl\/home\/\"},{\"@type\":\"ListItem\",\"position\":2,\"name\":\"US\u0141UGI\",\"item\":\"https:\/\/stiller-karosserie.de\/pl\/uslugi\/\"},{\"@type\":\"ListItem\",\"position\":3,\"name\":\"BLACHARNIA\"}]},{\"@type\":\"WebSite\",\"@id\":\"https:\/\/stiller-karosserie.de\/pl\/#website\",\"url\":\"https:\/\/stiller-karosserie.de\/pl\/\",\"name\":\"Stiller - Autolackiererei und Karosseriewerkstatt\",\"description\":\"Fachwerkstatt f\u00fcr Karosseriebau und Fahrzeuglackierung in M\u00fcnster-Nienberge\",\"publisher\":{\"@id\":\"https:\/\/stiller-karosserie.de\/pl\/#organization\"},\"potentialAction\":[{\"@type\":\"SearchAction\",\"target\":{\"@type\":\"EntryPoint\",\"urlTemplate\":\"https:\/\/stiller-karosserie.de\/pl\/?s={search_term_string}\"},\"query-input\":{\"@type\":\"PropertyValueSpecification\",\"valueRequired\":true,\"valueName\":\"search_term_string\"}}],\"inLanguage\":\"pl-PL\"},{\"@type\":\"Organization\",\"@id\":\"https:\/\/stiller-karosserie.de\/pl\/#organization\",\"name\":\"Stiller Karosseriebau und Fahrzeuglackierung\",\"url\":\"https:\/\/stiller-karosserie.de\/pl\/\",\"logo\":{\"@type\":\"ImageObject\",\"inLanguage\":\"pl-PL\",\"@id\":\"https:\/\/stiller-karosserie.de\/pl\/#\/schema\/logo\/image\/\",\"url\":\"https:\/\/stiller-karosserie.de\/wp-content\/uploads\/2021\/03\/skl_logo_400.png\",\"contentUrl\":\"https:\/\/stiller-karosserie.de\/wp-content\/uploads\/2021\/03\/skl_logo_400.png\",\"width\":400,\"height\":214,\"caption\":\"Stiller Karosseriebau und Fahrzeuglackierung\"},\"image\":{\"@id\":\"https:\/\/stiller-karosserie.de\/pl\/#\/schema\/logo\/image\/\"},\"sameAs\":[\"https:\/\/www.facebook.com\/people\/Karosseriebau-und-Autolackierei-Stiller\/100063499455041\/\",\"https:\/\/www.instagram.com\/stiller_karosseriebau\/\"]}]}<\/script>\n<!-- \/ Yoast SEO plugin. -->","yoast_head_json":{"title":"BLACHARNIA | STILLER","robots":{"index":"index","follow":"follow","max-snippet":"max-snippet:-1","max-image-preview":"max-image-preview:large","max-video-preview":"max-video-preview:-1"},"canonical":"https:\/\/stiller-karosserie.de\/pl\/uslugi\/blacharnia\/","og_locale":"pl_PL","og_type":"article","og_title":"BLACHARNIA | STILLER","og_url":"https:\/\/stiller-karosserie.de\/pl\/uslugi\/blacharnia\/","og_site_name":"STILLER","article_publisher":"https:\/\/www.facebook.com\/people\/Karosseriebau-und-Autolackierei-Stiller\/100063499455041\/","article_modified_time":"2024-06-25T12:09:43+00:00","schema":{"@context":"https:\/\/schema.org","@graph":[{"@type":"WebPage","@id":"https:\/\/stiller-karosserie.de\/pl\/uslugi\/blacharnia\/","url":"https:\/\/stiller-karosserie.de\/pl\/uslugi\/blacharnia\/","name":"BLACHARNIA | STILLER","isPartOf":{"@id":"https:\/\/stiller-karosserie.de\/pl\/#website"},"datePublished":"2021-04-06T09:45:19+00:00","dateModified":"2024-06-25T12:09:43+00:00","breadcrumb":{"@id":"https:\/\/stiller-karosserie.de\/pl\/uslugi\/blacharnia\/#breadcrumb"},"inLanguage":"pl-PL","potentialAction":[{"@type":"ReadAction","target":["https:\/\/stiller-karosserie.de\/pl\/uslugi\/blacharnia\/"]}]},{"@type":"BreadcrumbList","@id":"https:\/\/stiller-karosserie.de\/pl\/uslugi\/blacharnia\/#breadcrumb","itemListElement":[{"@type":"ListItem","position":1,"name":"Startseite","item":"https:\/\/stiller-karosserie.de\/pl\/home\/"},{"@type":"ListItem","position":2,"name":"US\u0141UGI","item":"https:\/\/stiller-karosserie.de\/pl\/uslugi\/"},{"@type":"ListItem","position":3,"name":"BLACHARNIA"}]},{"@type":"WebSite","@id":"https:\/\/stiller-karosserie.de\/pl\/#website","url":"https:\/\/stiller-karosserie.de\/pl\/","name":"Stiller - Autolackiererei und Karosseriewerkstatt","description":"Fachwerkstatt f\u00fcr Karosseriebau und Fahrzeuglackierung in M\u00fcnster-Nienberge","publisher":{"@id":"https:\/\/stiller-karosserie.de\/pl\/#organization"},"potentialAction":[{"@type":"SearchAction","target":{"@type":"EntryPoint","urlTemplate":"https:\/\/stiller-karosserie.de\/pl\/?s={search_term_string}"},"query-input":{"@type":"PropertyValueSpecification","valueRequired":true,"valueName":"search_term_string"}}],"inLanguage":"pl-PL"},{"@type":"Organization","@id":"https:\/\/stiller-karosserie.de\/pl\/#organization","name":"Stiller Karosseriebau und Fahrzeuglackierung","url":"https:\/\/stiller-karosserie.de\/pl\/","logo":{"@type":"ImageObject","inLanguage":"pl-PL","@id":"https:\/\/stiller-karosserie.de\/pl\/#\/schema\/logo\/image\/","url":"https:\/\/stiller-karosserie.de\/wp-content\/uploads\/2021\/03\/skl_logo_400.png","contentUrl":"https:\/\/stiller-karosserie.de\/wp-content\/uploads\/2021\/03\/skl_logo_400.png","width":400,"height":214,"caption":"Stiller Karosseriebau und Fahrzeuglackierung"},"image":{"@id":"https:\/\/stiller-karosserie.de\/pl\/#\/schema\/logo\/image\/"},"sameAs":["https:\/\/www.facebook.com\/people\/Karosseriebau-und-Autolackierei-Stiller\/100063499455041\/","https:\/\/www.instagram.com\/stiller_karosseriebau\/"]}]}},"_links":{"self":[{"href":"https:\/\/stiller-karosserie.de\/pl\/wp-json\/wp\/v2\/pages\/5599","targetHints":{"allow":["GET"]}}],"collection":[{"href":"https:\/\/stiller-karosserie.de\/pl\/wp-json\/wp\/v2\/pages"}],"about":[{"href":"https:\/\/stiller-karosserie.de\/pl\/wp-json\/wp\/v2\/types\/page"}],"author":[{"embeddable":true,"href":"https:\/\/stiller-karosserie.de\/pl\/wp-json\/wp\/v2\/users\/2"}],"replies":[{"embeddable":true,"href":"https:\/\/stiller-karosserie.de\/pl\/wp-json\/wp\/v2\/comments?post=5599"}],"version-history":[{"count":7,"href":"https:\/\/stiller-karosserie.de\/pl\/wp-json\/wp\/v2\/pages\/5599\/revisions"}],"predecessor-version":[{"id":6632,"href":"https:\/\/stiller-karosserie.de\/pl\/wp-json\/wp\/v2\/pages\/5599\/revisions\/6632"}],"up":[{"embeddable":true,"href":"https:\/\/stiller-karosserie.de\/pl\/wp-json\/wp\/v2\/pages\/5581"}],"wp:attachment":[{"href":"https:\/\/stiller-karosserie.de\/pl\/wp-json\/wp\/v2\/media?parent=5599"}],"curies":[{"name":"wp","href":"https:\/\/api.w.org\/{rel}","templated":true}]}}