{"id":5644,"date":"2021-04-23T15:11:39","date_gmt":"2021-04-23T13:11:39","guid":{"rendered":"https:\/\/stiller-karosserie.de\/serwis\/przeglady\/"},"modified":"2023-07-04T15:29:43","modified_gmt":"2023-07-04T13:29:43","slug":"przeglady","status":"publish","type":"page","link":"https:\/\/stiller-karosserie.de\/pl\/serwis\/przeglady\/","title":{"rendered":"PRZEGL\u0104DY"},"content":{"rendered":"<p><div class=\"fusion-fullwidth fullwidth-box fusion-builder-row-1 fusion-flex-container fusion-parallax-none nonhundred-percent-fullwidth non-hundred-percent-height-scrolling\" style=\"--awb-border-radius-top-left:0px;--awb-border-radius-top-right:0px;--awb-border-radius-bottom-right:0px;--awb-border-radius-bottom-left:0px;--awb-min-height:600px;--awb-min-height-small:250px;--awb-background-image:url(&quot;http:\/\/stiller-karosserie.de\/wp-content\/uploads\/2021\/05\/skl_header_service_inspektion.jpg&quot;);--awb-background-size:cover;--awb-flex-wrap:wrap;\" ><div class=\"fusion-builder-row fusion-row fusion-flex-align-items-flex-start fusion-flex-content-wrap\" style=\"max-width:1216.8px;margin-left: calc(-4% \/ 2 );margin-right: calc(-4% \/ 2 );\"><div class=\"fusion-layout-column fusion_builder_column fusion-builder-column-0 fusion_builder_column_1_1 1_1 fusion-flex-column fusion-flex-align-self-flex-end\" style=\"--awb-bg-size:cover;--awb-width-large:100%;--awb-margin-top-large:0px;--awb-spacing-right-large:0px;--awb-margin-bottom-large:20px;--awb-spacing-left-large:0px;--awb-width-medium:100%;--awb-order-medium:0;--awb-spacing-right-medium:1.92%;--awb-spacing-left-medium:1.92%;--awb-width-small:100%;--awb-order-small:0;--awb-spacing-right-small:1.92%;--awb-spacing-left-small:1.92%;\"><div class=\"fusion-column-wrapper fusion-column-has-shadow fusion-flex-justify-content-flex-end fusion-content-layout-block\"><div class=\"fusion-image-element in-legacy-container\" style=\"--awb-caption-title-font-family:var(--h2_typography-font-family);--awb-caption-title-font-weight:var(--h2_typography-font-weight);--awb-caption-title-font-style:var(--h2_typography-font-style);--awb-caption-title-size:var(--h2_typography-font-size);--awb-caption-title-transform:var(--h2_typography-text-transform);--awb-caption-title-line-height:var(--h2_typography-line-height);--awb-caption-title-letter-spacing:var(--h2_typography-letter-spacing);\"><span class=\" fusion-imageframe imageframe-none imageframe-1 hover-type-none\"><img decoding=\"async\" width=\"2480\" height=\"1004\" title=\"skl_head_service_01\" src=\"https:\/\/stiller-karosserie.de\/wp-content\/uploads\/2022\/06\/skl_head_service1_p.png\" alt class=\"img-responsive wp-image-5104\"\/><\/span><\/div><\/div><\/div><\/div><\/div><div class=\"fusion-fullwidth fullwidth-box fusion-builder-row-2 nonhundred-percent-fullwidth non-hundred-percent-height-scrolling\" style=\"--awb-background-position:left top;--awb-border-sizes-top:0px;--awb-border-sizes-bottom:0px;--awb-border-sizes-left:0px;--awb-border-sizes-right:0px;--awb-border-radius-top-left:0px;--awb-border-radius-top-right:0px;--awb-border-radius-bottom-right:0px;--awb-border-radius-bottom-left:0px;--awb-padding-top:60px;--awb-padding-bottom:30px;--awb-flex-wrap:wrap;\" ><div class=\"fusion-builder-row fusion-row\"><div class=\"fusion-layout-column fusion_builder_column fusion-builder-column-1 fusion_builder_column_1_1 1_1 fusion-one-full fusion-column-first fusion-column-last fusion-column-no-min-height\" style=\"--awb-padding-left:5%;--awb-bg-size:cover;\"><div class=\"fusion-column-wrapper fusion-column-has-shadow fusion-flex-column-wrapper-legacy\"><div class=\"fusion-text fusion-text-1\" style=\"--awb-text-color:#134094;\"><h1 class=\"\" style=\"--fontsize: 18; line-height: 1; --minfontsize: 18;\" data-fontsize=\"18\" data-lineheight=\"18px\">Przegl\u0105dy i mechanika wykonywane przez ekspert\u00f3w<\/h1>\n<\/div><div class=\"fusion-clearfix\"><\/div><\/div><\/div><div class=\"fusion-layout-column fusion_builder_column fusion-builder-column-2 fusion_builder_column_1_1 1_1 fusion-one-full fusion-column-first fusion-column-last fusion-column-no-min-height\" style=\"--awb-padding-left:5%;--awb-bg-size:cover;\"><div class=\"fusion-column-wrapper fusion-column-has-shadow fusion-flex-column-wrapper-legacy\"><div class=\"fusion-title title fusion-title-1 fusion-title-text fusion-title-size-two\" style=\"--awb-font-size:var(--awb-typography2-font-size);\"><h2 class=\"fusion-title-heading title-heading-left fusion-responsive-typography-calculated\" style=\"font-family:var(--awb-typography2-font-family);font-weight:var(--awb-typography2-font-weight);font-style:var(--awb-typography2-font-style);margin:0;font-size:1em;letter-spacing:var(--awb-typography2-letter-spacing);text-transform:var(--awb-typography2-text-transform);--fontSize:30;line-height:var(--awb-typography2-line-height);\"><h2 style=\"text-align: left;\">KONTROLA SAMOCHODU<\/h2><\/h2><span class=\"awb-title-spacer\"><\/span><div class=\"title-sep-container\"><div class=\"title-sep sep- sep-solid\" style=\"border-color:#e2e2e2;\"><\/div><\/div><\/div><div class=\"fusion-clearfix\"><\/div><\/div><\/div><div class=\"fusion-layout-column fusion_builder_column fusion-builder-column-3 fusion_builder_column_1_6 1_6 fusion-one-sixth fusion-column-first fusion-no-small-visibility\" style=\"--awb-bg-size:cover;width:16.666666666667%;width:calc(16.666666666667% - ( ( 4% + 4% ) * 0.16666666666667 ) );margin-right: 4%;\"><div class=\"fusion-column-wrapper fusion-column-has-shadow fusion-flex-column-wrapper-legacy\"><div class=\"fusion-clearfix\"><\/div><\/div><\/div><div class=\"fusion-layout-column fusion_builder_column fusion-builder-column-4 fusion_builder_column_2_3 2_3 fusion-two-third fusion-column-no-min-height\" style=\"--awb-bg-size:cover;width:66.666666666667%;width:calc(66.666666666667% - ( ( 4% + 4% ) * 0.66666666666667 ) );margin-right: 4%;\"><div class=\"fusion-column-wrapper fusion-flex-column-wrapper-legacy\"><div class=\"fusion-text fusion-text-2\"><p>Jeste\u015bmy do Twojej dyspozycji, niezale\u017cnie od tego, czy Tw\u00f3j pojazd wymaga ma\u0142ego, czy wi\u0119kszego przegl\u0105du. Aby\u015bmy mogli z wyprzedzeniem dokona\u0107 kalkulacji koszt\u00f3w, potrzebujemy dowodu rejestracyjnego oraz informacji o aktualnym przebiegu pojazdu. Poinformujemy Ci\u0119, czy Tw\u00f3j samoch\u00f3d wymaga mniejszego, czy wi\u0119kszego przegl\u0105du.  <\/p>\n<p>Oferujemy nast\u0119puj\u0105ce us\u0142ugi:<\/p>\n<ul>\n<li>prace przygotowawcze lub uzupe\u0142niaj\u0105ce na potrzeby przegl\u0105du technicznego (np. usuwanie rdzy)<\/li>\n<li>kontrola hamulc\u00f3w<\/li>\n<li>wymiana filtr\u00f3w powietrza<\/li>\n<li>wymiana oleju<\/li>\n<li>paski klinowe i paski z\u0119bate<\/li>\n<li>\u0142o\u017cyska k\u00f3\u0142<\/li>\n<li>osie (korpusy osi)<\/li>\n<li>pomiary osi<\/li>\n<li>\u2026i wiele wi\u0119cej.<\/li>\n<\/ul>\n<p><strong>Sprechen Sie uns an, wir beraten Sie gerne.<\/strong><\/p>\n<\/div><div class=\"fusion-sep-clear\"><\/div><div class=\"fusion-separator fusion-full-width-sep\" style=\"margin-left: auto;margin-right: auto;margin-top:15px;width:100%;\"><\/div><div class=\"fusion-sep-clear\"><\/div><div class=\"fusion-button-wrapper\"><a class=\"fusion-button button-flat fusion-button-default-size button-default fusion-button-default button-1 fusion-button-default-span fusion-button-default-type\" target=\"_self\" href=\"http:\/\/stiller-karosserie.de\/kontakt\/\"><span class=\"fusion-button-text awb-button__text awb-button__text--default\">KONTAKT<\/span><\/a><\/div><div class=\"fusion-clearfix\"><\/div><\/div><\/div><div class=\"fusion-layout-column fusion_builder_column fusion-builder-column-5 fusion_builder_column_1_6 1_6 fusion-one-sixth fusion-column-last fusion-no-small-visibility\" style=\"--awb-bg-size:cover;width:16.666666666667%;width:calc(16.666666666667% - ( ( 4% + 4% ) * 0.16666666666667 ) );\"><div class=\"fusion-column-wrapper fusion-column-has-shadow fusion-flex-column-wrapper-legacy\"><div class=\"fusion-clearfix\"><\/div><\/div><\/div><\/div><\/div><div class=\"fusion-fullwidth fullwidth-box fusion-builder-row-3 fusion-flex-container fusion-parallax-none nonhundred-percent-fullwidth non-hundred-percent-height-scrolling\" style=\"--awb-border-radius-top-left:0px;--awb-border-radius-top-right:0px;--awb-border-radius-bottom-right:0px;--awb-border-radius-bottom-left:0px;--awb-padding-top:2%;--awb-padding-bottom:0px;--awb-background-image:url(&quot;http:\/\/stiller-karosserie.de\/wp-content\/uploads\/2021\/03\/skl_verlauf_05.png&quot;);--awb-background-size:cover;--awb-flex-wrap:wrap;\" ><div class=\"fusion-builder-row fusion-row fusion-flex-align-items-flex-start fusion-flex-content-wrap\" style=\"max-width:1216.8px;margin-left: calc(-4% \/ 2 );margin-right: calc(-4% \/ 2 );\"><div class=\"fusion-layout-column fusion_builder_column fusion-builder-column-6 fusion_builder_column_1_1 1_1 fusion-flex-column fusion-flex-align-self-flex-start fusion-column-no-min-height\" style=\"--awb-padding-left:6%;--awb-bg-size:cover;--awb-width-large:100%;--awb-margin-top-large:0px;--awb-spacing-right-large:1.92%;--awb-margin-bottom-large:20px;--awb-spacing-left-large:1.92%;--awb-width-medium:100%;--awb-order-medium:0;--awb-spacing-right-medium:1.92%;--awb-spacing-left-medium:1.92%;--awb-width-small:100%;--awb-order-small:0;--awb-spacing-right-small:1.92%;--awb-spacing-left-small:1.92%;\"><div class=\"fusion-column-wrapper fusion-column-has-shadow fusion-flex-justify-content-flex-start fusion-content-layout-column\"><div class=\"fusion-text fusion-text-3\" style=\"--awb-text-color:#134094;\"><h6 style=\"--fontsize: 18; line-height: 1; --minfontsize: 18;\" data-fontsize=\"18\" data-lineheight=\"18px\">Geometria k\u00f3\u0142<\/h6>\n<\/div><\/div><\/div><div class=\"fusion-layout-column fusion_builder_column fusion-builder-column-7 fusion_builder_column_1_1 1_1 fusion-flex-column fusion-flex-align-self-flex-start fusion-column-no-min-height\" style=\"--awb-padding-left:5%;--awb-bg-size:cover;--awb-width-large:100%;--awb-margin-top-large:0px;--awb-spacing-right-large:1.92%;--awb-margin-bottom-large:20px;--awb-spacing-left-large:1.92%;--awb-width-medium:100%;--awb-order-medium:0;--awb-spacing-right-medium:1.92%;--awb-spacing-left-medium:1.92%;--awb-width-small:100%;--awb-order-small:0;--awb-spacing-right-small:1.92%;--awb-spacing-left-small:1.92%;\"><div class=\"fusion-column-wrapper fusion-column-has-shadow fusion-flex-justify-content-flex-start fusion-content-layout-column\"><div class=\"fusion-title title fusion-title-2 fusion-title-text fusion-title-size-two\"><div class=\"title-sep-container title-sep-container-left fusion-no-large-visibility fusion-no-medium-visibility fusion-no-small-visibility\"><div class=\"title-sep sep- sep-solid\" style=\"border-color:#e2e2e2;\"><\/div><\/div><span class=\"awb-title-spacer fusion-no-large-visibility fusion-no-medium-visibility fusion-no-small-visibility\"><\/span><h2 class=\"fusion-title-heading title-heading-left fusion-responsive-typography-calculated\" style=\"margin:0;--fontSize:30;line-height:1;\"><h2 style=\"text-align: left;\">ABY\u015a TRZYMA\u0141 SI\u0118 TORU<\/h2><\/h2><span class=\"awb-title-spacer\"><\/span><div class=\"title-sep-container title-sep-container-right\"><div class=\"title-sep sep- sep-solid\" style=\"border-color:#e2e2e2;\"><\/div><\/div><\/div><\/div><\/div><div class=\"fusion-layout-column fusion_builder_column fusion-builder-column-8 fusion_builder_column_1_2 1_2 fusion-flex-column\" style=\"--awb-padding-top:5%;--awb-padding-right:10%;--awb-padding-bottom:5%;--awb-padding-left:5%;--awb-bg-image:url(&#039;http:\/\/stiller-karosserie.de\/wp-content\/uploads\/2021\/04\/skl_farbfeld4.png&#039;);--awb-bg-position:right top;--awb-bg-size:cover;--awb-width-large:50%;--awb-margin-top-large:0px;--awb-spacing-right-large:3.84%;--awb-margin-bottom-large:20px;--awb-spacing-left-large:3.84%;--awb-width-medium:100%;--awb-order-medium:0;--awb-spacing-right-medium:1.92%;--awb-spacing-left-medium:1.92%;--awb-width-small:100%;--awb-order-small:0;--awb-spacing-right-small:1.92%;--awb-spacing-left-small:1.92%;\"><div class=\"fusion-column-wrapper fusion-column-has-shadow fusion-flex-justify-content-flex-start fusion-content-layout-column fusion-column-has-bg-image\" data-bg-url=\"http:\/\/stiller-karosserie.de\/wp-content\/uploads\/2021\/04\/skl_farbfeld4.png\"><div class=\"fusion-text fusion-text-4\" style=\"--awb-text-color:#ffffff;--awb-margin-right:2%;\"><h4 class=\"\" data-fontsize=\"28\" data-lineheight=\"35px\"><span style=\"color: #ffffff;\">PROFESJONALNY I PRAWID\u0141OWY POMIAR GEOMETRII K\u00d3\u0141<\/span><\/h4>\n<p>Po kalibracji, prostowaniu lub pracach przy karoserii cz\u0119sto konieczny jest pomiar geometrii k\u00f3\u0142. Zasada jest prosta: bezpiecze\u0144stwo przede wszystkim. Je\u015bli warto\u015bci geometrii k\u00f3\u0142 nie mieszcz\u0105 si\u0119 w granicach tolerancji okre\u015blonych przez producenta pojazdu, mo\u017ce mie\u0107 to wp\u0142yw to na r\u00f3\u017cne aspekty bezpiecze\u0144stwa. Nieprawid\u0142owa geometria k\u00f3\u0142 oddzia\u0142uje na przyk\u0142ad na prowadzenie i stabilno\u015b\u0107 samochodu. Mo\u017ce skutkowa\u0107 wibracjami pojazdu, niepewno\u015bci\u0105 kierowcy, zu\u017cyciem opon, awari\u0105 system\u00f3w wspomagaj\u0105cych.    <\/p>\n<\/div><\/div><\/div><div class=\"fusion-layout-column fusion_builder_column fusion-builder-column-9 fusion_builder_column_1_2 1_2 fusion-flex-column\" style=\"--awb-bg-size:cover;--awb-width-large:50%;--awb-margin-top-large:0px;--awb-spacing-right-large:3.84%;--awb-margin-bottom-large:20px;--awb-spacing-left-large:3.84%;--awb-width-medium:100%;--awb-order-medium:0;--awb-spacing-right-medium:1.92%;--awb-spacing-left-medium:1.92%;--awb-width-small:100%;--awb-order-small:0;--awb-spacing-right-small:1.92%;--awb-spacing-left-small:1.92%;\"><div class=\"fusion-column-wrapper fusion-column-has-shadow fusion-flex-justify-content-flex-start fusion-content-layout-column\"><div class=\"fusion-image-element \" style=\"--awb-caption-title-font-family:var(--h2_typography-font-family);--awb-caption-title-font-weight:var(--h2_typography-font-weight);--awb-caption-title-font-style:var(--h2_typography-font-style);--awb-caption-title-size:var(--h2_typography-font-size);--awb-caption-title-transform:var(--h2_typography-text-transform);--awb-caption-title-line-height:var(--h2_typography-line-height);--awb-caption-title-letter-spacing:var(--h2_typography-letter-spacing);\"><span class=\" fusion-imageframe imageframe-none imageframe-2 hover-type-none\"><img decoding=\"async\" width=\"1350\" height=\"900\" title=\"skl_richtarbeiten2\" src=\"http:\/\/stiller-karosserie.de\/wp-content\/uploads\/2021\/05\/skl_richtarbeiten2.jpg\" alt class=\"img-responsive wp-image-5112\" srcset=\"https:\/\/stiller-karosserie.de\/wp-content\/uploads\/2021\/05\/skl_richtarbeiten2-200x133.jpg 200w, https:\/\/stiller-karosserie.de\/wp-content\/uploads\/2021\/05\/skl_richtarbeiten2-400x267.jpg 400w, https:\/\/stiller-karosserie.de\/wp-content\/uploads\/2021\/05\/skl_richtarbeiten2-600x400.jpg 600w, https:\/\/stiller-karosserie.de\/wp-content\/uploads\/2021\/05\/skl_richtarbeiten2-800x533.jpg 800w, https:\/\/stiller-karosserie.de\/wp-content\/uploads\/2021\/05\/skl_richtarbeiten2-1200x800.jpg 1200w, https:\/\/stiller-karosserie.de\/wp-content\/uploads\/2021\/05\/skl_richtarbeiten2.jpg 1350w\" sizes=\"(max-width: 1024px) 100vw, (max-width: 640px) 100vw, 600px\" \/><\/span><\/div><\/div><\/div><div class=\"fusion-layout-column fusion_builder_column fusion-builder-column-10 fusion_builder_column_1_6 1_6 fusion-flex-column fusion-no-small-visibility\" style=\"--awb-bg-size:cover;--awb-width-large:16.666666666667%;--awb-margin-top-large:0px;--awb-spacing-right-large:11.52%;--awb-margin-bottom-large:20px;--awb-spacing-left-large:11.52%;--awb-width-medium:100%;--awb-order-medium:0;--awb-spacing-right-medium:1.92%;--awb-spacing-left-medium:1.92%;--awb-width-small:100%;--awb-order-small:0;--awb-spacing-right-small:1.92%;--awb-spacing-left-small:1.92%;\"><div class=\"fusion-column-wrapper fusion-column-has-shadow fusion-flex-justify-content-flex-start fusion-content-layout-column\"><\/div><\/div><div class=\"fusion-layout-column fusion_builder_column fusion-builder-column-11 fusion_builder_column_1_6 1_6 fusion-flex-column fusion-no-small-visibility\" style=\"--awb-bg-size:cover;--awb-width-large:16.666666666667%;--awb-margin-top-large:0px;--awb-spacing-right-large:11.52%;--awb-margin-bottom-large:20px;--awb-spacing-left-large:11.52%;--awb-width-medium:100%;--awb-order-medium:0;--awb-spacing-right-medium:1.92%;--awb-spacing-left-medium:1.92%;--awb-width-small:100%;--awb-order-small:0;--awb-spacing-right-small:1.92%;--awb-spacing-left-small:1.92%;\"><div class=\"fusion-column-wrapper fusion-column-has-shadow fusion-flex-justify-content-flex-start fusion-content-layout-column\"><\/div><\/div><\/div><\/div><\/p>\n","protected":false},"excerpt":{"rendered":"","protected":false},"author":2,"featured_media":0,"parent":5615,"menu_order":0,"comment_status":"closed","ping_status":"closed","template":"100-width.php","meta":{"footnotes":""},"class_list":["post-5644","page","type-page","status-publish","hentry"],"yoast_head":"<!-- This site is optimized with the Yoast SEO plugin v26.8 - https:\/\/yoast.com\/product\/yoast-seo-wordpress\/ -->\n<title>PRZEGL\u0104DY | STILLER<\/title>\n<meta name=\"robots\" content=\"index, follow, max-snippet:-1, max-image-preview:large, max-video-preview:-1\" \/>\n<link rel=\"canonical\" href=\"https:\/\/stiller-karosserie.de\/pl\/serwis\/przeglady\/\" \/>\n<meta property=\"og:locale\" content=\"pl_PL\" \/>\n<meta property=\"og:type\" content=\"article\" \/>\n<meta property=\"og:title\" content=\"PRZEGL\u0104DY | STILLER\" \/>\n<meta property=\"og:url\" content=\"https:\/\/stiller-karosserie.de\/pl\/serwis\/przeglady\/\" \/>\n<meta property=\"og:site_name\" content=\"STILLER\" \/>\n<meta property=\"article:publisher\" content=\"https:\/\/www.facebook.com\/people\/Karosseriebau-und-Autolackierei-Stiller\/100063499455041\/\" \/>\n<meta property=\"article:modified_time\" content=\"2023-07-04T13:29:43+00:00\" \/>\n<script type=\"application\/ld+json\" class=\"yoast-schema-graph\">{\"@context\":\"https:\/\/schema.org\",\"@graph\":[{\"@type\":\"WebPage\",\"@id\":\"https:\/\/stiller-karosserie.de\/pl\/serwis\/przeglady\/\",\"url\":\"https:\/\/stiller-karosserie.de\/pl\/serwis\/przeglady\/\",\"name\":\"PRZEGL\u0104DY | STILLER\",\"isPartOf\":{\"@id\":\"https:\/\/stiller-karosserie.de\/pl\/#website\"},\"datePublished\":\"2021-04-23T13:11:39+00:00\",\"dateModified\":\"2023-07-04T13:29:43+00:00\",\"breadcrumb\":{\"@id\":\"https:\/\/stiller-karosserie.de\/pl\/serwis\/przeglady\/#breadcrumb\"},\"inLanguage\":\"pl-PL\",\"potentialAction\":[{\"@type\":\"ReadAction\",\"target\":[\"https:\/\/stiller-karosserie.de\/pl\/serwis\/przeglady\/\"]}]},{\"@type\":\"BreadcrumbList\",\"@id\":\"https:\/\/stiller-karosserie.de\/pl\/serwis\/przeglady\/#breadcrumb\",\"itemListElement\":[{\"@type\":\"ListItem\",\"position\":1,\"name\":\"Startseite\",\"item\":\"https:\/\/stiller-karosserie.de\/pl\/home\/\"},{\"@type\":\"ListItem\",\"position\":2,\"name\":\"SERWIS\",\"item\":\"https:\/\/stiller-karosserie.de\/pl\/?page_id=3419\"},{\"@type\":\"ListItem\",\"position\":3,\"name\":\"PRZEGL\u0104DY\"}]},{\"@type\":\"WebSite\",\"@id\":\"https:\/\/stiller-karosserie.de\/pl\/#website\",\"url\":\"https:\/\/stiller-karosserie.de\/pl\/\",\"name\":\"Stiller - Autolackiererei und Karosseriewerkstatt\",\"description\":\"Fachwerkstatt f\u00fcr Karosseriebau und Fahrzeuglackierung in M\u00fcnster-Nienberge\",\"publisher\":{\"@id\":\"https:\/\/stiller-karosserie.de\/pl\/#organization\"},\"potentialAction\":[{\"@type\":\"SearchAction\",\"target\":{\"@type\":\"EntryPoint\",\"urlTemplate\":\"https:\/\/stiller-karosserie.de\/pl\/?s={search_term_string}\"},\"query-input\":{\"@type\":\"PropertyValueSpecification\",\"valueRequired\":true,\"valueName\":\"search_term_string\"}}],\"inLanguage\":\"pl-PL\"},{\"@type\":\"Organization\",\"@id\":\"https:\/\/stiller-karosserie.de\/pl\/#organization\",\"name\":\"Stiller Karosseriebau und Fahrzeuglackierung\",\"url\":\"https:\/\/stiller-karosserie.de\/pl\/\",\"logo\":{\"@type\":\"ImageObject\",\"inLanguage\":\"pl-PL\",\"@id\":\"https:\/\/stiller-karosserie.de\/pl\/#\/schema\/logo\/image\/\",\"url\":\"https:\/\/stiller-karosserie.de\/wp-content\/uploads\/2021\/03\/skl_logo_400.png\",\"contentUrl\":\"https:\/\/stiller-karosserie.de\/wp-content\/uploads\/2021\/03\/skl_logo_400.png\",\"width\":400,\"height\":214,\"caption\":\"Stiller Karosseriebau und Fahrzeuglackierung\"},\"image\":{\"@id\":\"https:\/\/stiller-karosserie.de\/pl\/#\/schema\/logo\/image\/\"},\"sameAs\":[\"https:\/\/www.facebook.com\/people\/Karosseriebau-und-Autolackierei-Stiller\/100063499455041\/\",\"https:\/\/www.instagram.com\/stiller_karosseriebau\/\"]}]}<\/script>\n<!-- \/ Yoast SEO plugin. -->","yoast_head_json":{"title":"PRZEGL\u0104DY | STILLER","robots":{"index":"index","follow":"follow","max-snippet":"max-snippet:-1","max-image-preview":"max-image-preview:large","max-video-preview":"max-video-preview:-1"},"canonical":"https:\/\/stiller-karosserie.de\/pl\/serwis\/przeglady\/","og_locale":"pl_PL","og_type":"article","og_title":"PRZEGL\u0104DY | STILLER","og_url":"https:\/\/stiller-karosserie.de\/pl\/serwis\/przeglady\/","og_site_name":"STILLER","article_publisher":"https:\/\/www.facebook.com\/people\/Karosseriebau-und-Autolackierei-Stiller\/100063499455041\/","article_modified_time":"2023-07-04T13:29:43+00:00","schema":{"@context":"https:\/\/schema.org","@graph":[{"@type":"WebPage","@id":"https:\/\/stiller-karosserie.de\/pl\/serwis\/przeglady\/","url":"https:\/\/stiller-karosserie.de\/pl\/serwis\/przeglady\/","name":"PRZEGL\u0104DY | STILLER","isPartOf":{"@id":"https:\/\/stiller-karosserie.de\/pl\/#website"},"datePublished":"2021-04-23T13:11:39+00:00","dateModified":"2023-07-04T13:29:43+00:00","breadcrumb":{"@id":"https:\/\/stiller-karosserie.de\/pl\/serwis\/przeglady\/#breadcrumb"},"inLanguage":"pl-PL","potentialAction":[{"@type":"ReadAction","target":["https:\/\/stiller-karosserie.de\/pl\/serwis\/przeglady\/"]}]},{"@type":"BreadcrumbList","@id":"https:\/\/stiller-karosserie.de\/pl\/serwis\/przeglady\/#breadcrumb","itemListElement":[{"@type":"ListItem","position":1,"name":"Startseite","item":"https:\/\/stiller-karosserie.de\/pl\/home\/"},{"@type":"ListItem","position":2,"name":"SERWIS","item":"https:\/\/stiller-karosserie.de\/pl\/?page_id=3419"},{"@type":"ListItem","position":3,"name":"PRZEGL\u0104DY"}]},{"@type":"WebSite","@id":"https:\/\/stiller-karosserie.de\/pl\/#website","url":"https:\/\/stiller-karosserie.de\/pl\/","name":"Stiller - Autolackiererei und Karosseriewerkstatt","description":"Fachwerkstatt f\u00fcr Karosseriebau und Fahrzeuglackierung in M\u00fcnster-Nienberge","publisher":{"@id":"https:\/\/stiller-karosserie.de\/pl\/#organization"},"potentialAction":[{"@type":"SearchAction","target":{"@type":"EntryPoint","urlTemplate":"https:\/\/stiller-karosserie.de\/pl\/?s={search_term_string}"},"query-input":{"@type":"PropertyValueSpecification","valueRequired":true,"valueName":"search_term_string"}}],"inLanguage":"pl-PL"},{"@type":"Organization","@id":"https:\/\/stiller-karosserie.de\/pl\/#organization","name":"Stiller Karosseriebau und Fahrzeuglackierung","url":"https:\/\/stiller-karosserie.de\/pl\/","logo":{"@type":"ImageObject","inLanguage":"pl-PL","@id":"https:\/\/stiller-karosserie.de\/pl\/#\/schema\/logo\/image\/","url":"https:\/\/stiller-karosserie.de\/wp-content\/uploads\/2021\/03\/skl_logo_400.png","contentUrl":"https:\/\/stiller-karosserie.de\/wp-content\/uploads\/2021\/03\/skl_logo_400.png","width":400,"height":214,"caption":"Stiller Karosseriebau und Fahrzeuglackierung"},"image":{"@id":"https:\/\/stiller-karosserie.de\/pl\/#\/schema\/logo\/image\/"},"sameAs":["https:\/\/www.facebook.com\/people\/Karosseriebau-und-Autolackierei-Stiller\/100063499455041\/","https:\/\/www.instagram.com\/stiller_karosseriebau\/"]}]}},"_links":{"self":[{"href":"https:\/\/stiller-karosserie.de\/pl\/wp-json\/wp\/v2\/pages\/5644","targetHints":{"allow":["GET"]}}],"collection":[{"href":"https:\/\/stiller-karosserie.de\/pl\/wp-json\/wp\/v2\/pages"}],"about":[{"href":"https:\/\/stiller-karosserie.de\/pl\/wp-json\/wp\/v2\/types\/page"}],"author":[{"embeddable":true,"href":"https:\/\/stiller-karosserie.de\/pl\/wp-json\/wp\/v2\/users\/2"}],"replies":[{"embeddable":true,"href":"https:\/\/stiller-karosserie.de\/pl\/wp-json\/wp\/v2\/comments?post=5644"}],"version-history":[{"count":5,"href":"https:\/\/stiller-karosserie.de\/pl\/wp-json\/wp\/v2\/pages\/5644\/revisions"}],"predecessor-version":[{"id":6168,"href":"https:\/\/stiller-karosserie.de\/pl\/wp-json\/wp\/v2\/pages\/5644\/revisions\/6168"}],"up":[{"embeddable":true,"href":"https:\/\/stiller-karosserie.de\/pl\/wp-json\/wp\/v2\/pages\/5615"}],"wp:attachment":[{"href":"https:\/\/stiller-karosserie.de\/pl\/wp-json\/wp\/v2\/media?parent=5644"}],"curies":[{"name":"wp","href":"https:\/\/api.w.org\/{rel}","templated":true}]}}