{"id":5678,"date":"2021-03-24T15:31:26","date_gmt":"2021-03-24T14:31:26","guid":{"rendered":"https:\/\/stiller-karosserie.de\/redakcja\/"},"modified":"2024-07-25T09:29:59","modified_gmt":"2024-07-25T07:29:59","slug":"redakcja","status":"publish","type":"page","link":"https:\/\/stiller-karosserie.de\/pl\/redakcja\/","title":{"rendered":"Redakcja"},"content":{"rendered":"<p><div class=\"fusion-fullwidth fullwidth-box fusion-builder-row-1 fusion-flex-container hundred-percent-fullwidth non-hundred-percent-height-scrolling fusion-no-small-visibility fusion-no-medium-visibility\" style=\"--awb-border-radius-top-left:0px;--awb-border-radius-top-right:0px;--awb-border-radius-bottom-right:0px;--awb-border-radius-bottom-left:0px;--awb-min-height:300px;--awb-min-height-medium:500px;--awb-min-height-small:500px;--awb-flex-wrap:wrap;\" ><div class=\"fusion-builder-row fusion-row fusion-flex-align-items-flex-start fusion-flex-content-wrap\" style=\"width:104% !important;max-width:104% !important;margin-left: calc(-4% \/ 2 );margin-right: calc(-4% \/ 2 );\"><div class=\"fusion-layout-column fusion_builder_column fusion-builder-column-0 fusion_builder_column_1_1 1_1 fusion-flex-column\" style=\"--awb-bg-size:cover;--awb-width-large:100%;--awb-margin-top-large:0px;--awb-spacing-right-large:0px;--awb-margin-bottom-large:20px;--awb-spacing-left-large:0px;--awb-width-medium:100%;--awb-order-medium:0;--awb-spacing-right-medium:1.92%;--awb-spacing-left-medium:1.92%;--awb-width-small:100%;--awb-order-small:0;--awb-spacing-right-small:1.92%;--awb-spacing-left-small:1.92%;\"><div class=\"fusion-column-wrapper fusion-column-has-shadow fusion-flex-justify-content-flex-start fusion-content-layout-column\"><div class=\"fusion-image-element \" style=\"--awb-caption-title-font-family:var(--h2_typography-font-family);--awb-caption-title-font-weight:var(--h2_typography-font-weight);--awb-caption-title-font-style:var(--h2_typography-font-style);--awb-caption-title-size:var(--h2_typography-font-size);--awb-caption-title-transform:var(--h2_typography-text-transform);--awb-caption-title-line-height:var(--h2_typography-line-height);--awb-caption-title-letter-spacing:var(--h2_typography-letter-spacing);\"><span class=\" fusion-imageframe imageframe-none imageframe-1 hover-type-none\"><img decoding=\"async\" width=\"2560\" height=\"802\" title=\"skl_platzhalter\" src=\"http:\/\/stiller-karosserie.de\/wp-content\/uploads\/2021\/03\/skl_platzhalter.jpg\" alt class=\"img-responsive wp-image-4830\" srcset=\"https:\/\/stiller-karosserie.de\/wp-content\/uploads\/2021\/03\/skl_platzhalter-200x63.jpg 200w, https:\/\/stiller-karosserie.de\/wp-content\/uploads\/2021\/03\/skl_platzhalter-400x125.jpg 400w, https:\/\/stiller-karosserie.de\/wp-content\/uploads\/2021\/03\/skl_platzhalter-600x188.jpg 600w, https:\/\/stiller-karosserie.de\/wp-content\/uploads\/2021\/03\/skl_platzhalter-800x251.jpg 800w, https:\/\/stiller-karosserie.de\/wp-content\/uploads\/2021\/03\/skl_platzhalter-1200x376.jpg 1200w, https:\/\/stiller-karosserie.de\/wp-content\/uploads\/2021\/03\/skl_platzhalter.jpg 2560w\" sizes=\"(max-width: 1024px) 100vw, (max-width: 640px) 100vw, 1200px\" \/><\/span><\/div><\/div><\/div><\/div><\/div><div class=\"fusion-fullwidth fullwidth-box fusion-builder-row-2 fusion-flex-container hundred-percent-fullwidth non-hundred-percent-height-scrolling fusion-no-large-visibility\" style=\"--awb-border-radius-top-left:0px;--awb-border-radius-top-right:0px;--awb-border-radius-bottom-right:0px;--awb-border-radius-bottom-left:0px;--awb-padding-right-small:0px;--awb-padding-bottom-small:0px;--awb-padding-left-small:0px;--awb-flex-wrap:wrap;\" ><div class=\"fusion-builder-row fusion-row fusion-flex-align-items-flex-start fusion-flex-align-content-flex-start fusion-flex-content-wrap\" style=\"width:104% !important;max-width:104% !important;margin-left: calc(-4% \/ 2 );margin-right: calc(-4% \/ 2 );\"><div class=\"fusion-layout-column fusion_builder_column fusion-builder-column-1 fusion_builder_column_1_1 1_1 fusion-flex-column fusion-flex-align-self-flex-start\" style=\"--awb-bg-size:cover;--awb-width-large:100%;--awb-margin-top-large:0px;--awb-spacing-right-large:0px;--awb-margin-bottom-large:20px;--awb-spacing-left-large:0px;--awb-width-medium:100%;--awb-order-medium:0;--awb-spacing-right-medium:1.92%;--awb-spacing-left-medium:1.92%;--awb-width-small:100%;--awb-order-small:0;--awb-spacing-right-small:1.92%;--awb-spacing-left-small:1.92%;\"><div class=\"fusion-column-wrapper fusion-column-has-shadow fusion-flex-justify-content-flex-start fusion-content-layout-column\"><div class=\"fusion-image-element \" style=\"--awb-caption-title-font-family:var(--h2_typography-font-family);--awb-caption-title-font-weight:var(--h2_typography-font-weight);--awb-caption-title-font-style:var(--h2_typography-font-style);--awb-caption-title-size:var(--h2_typography-font-size);--awb-caption-title-transform:var(--h2_typography-text-transform);--awb-caption-title-line-height:var(--h2_typography-line-height);--awb-caption-title-letter-spacing:var(--h2_typography-letter-spacing);\"><span class=\" fusion-imageframe imageframe-none imageframe-2 hover-type-none\"><img decoding=\"async\" width=\"2560\" height=\"802\" title=\"skl_platzhalter\" src=\"http:\/\/stiller-karosserie.de\/wp-content\/uploads\/2021\/03\/skl_platzhalter.jpg\" alt class=\"img-responsive wp-image-4830\" srcset=\"https:\/\/stiller-karosserie.de\/wp-content\/uploads\/2021\/03\/skl_platzhalter-200x63.jpg 200w, https:\/\/stiller-karosserie.de\/wp-content\/uploads\/2021\/03\/skl_platzhalter-400x125.jpg 400w, https:\/\/stiller-karosserie.de\/wp-content\/uploads\/2021\/03\/skl_platzhalter-600x188.jpg 600w, https:\/\/stiller-karosserie.de\/wp-content\/uploads\/2021\/03\/skl_platzhalter-800x251.jpg 800w, https:\/\/stiller-karosserie.de\/wp-content\/uploads\/2021\/03\/skl_platzhalter-1200x376.jpg 1200w, https:\/\/stiller-karosserie.de\/wp-content\/uploads\/2021\/03\/skl_platzhalter.jpg 2560w\" sizes=\"(max-width: 1024px) 100vw, (max-width: 640px) 100vw, 1200px\" \/><\/span><\/div><\/div><\/div><\/div><\/div><div class=\"fusion-fullwidth fullwidth-box fusion-builder-row-3 nonhundred-percent-fullwidth non-hundred-percent-height-scrolling\" style=\"--awb-background-position:left top;--awb-border-sizes-top:0px;--awb-border-sizes-bottom:0px;--awb-border-sizes-left:0px;--awb-border-sizes-right:0px;--awb-border-radius-top-left:0px;--awb-border-radius-top-right:0px;--awb-border-radius-bottom-right:0px;--awb-border-radius-bottom-left:0px;--awb-padding-top:19px;--awb-padding-bottom:70px;--awb-flex-wrap:wrap;\" ><div class=\"fusion-builder-row fusion-row\"><div class=\"fusion-layout-column fusion_builder_column fusion-builder-column-2 fusion_builder_column_1_1 1_1 fusion-one-full fusion-column-first fusion-column-last fusion-column-no-min-height\" style=\"--awb-padding-bottom:20px;--awb-bg-size:cover;\"><div class=\"fusion-column-wrapper fusion-flex-column-wrapper-legacy\"><div class=\"fusion-title title fusion-title-1 fusion-title-text fusion-title-size-one\"><h1 class=\"fusion-title-heading title-heading-left fusion-responsive-typography-calculated\" style=\"margin:0;--fontSize:18;--minFontSize:18;line-height:1;\"><h1>Redakcja<\/h1><\/h1><span class=\"awb-title-spacer\"><\/span><div class=\"title-sep-container\"><div class=\"title-sep sep- sep-solid\" style=\"border-color:#e2e2e2;\"><\/div><\/div><\/div><div class=\"fusion-text fusion-text-1\"><h5>Informacje zgodnie z \u00a7 5 TMG (niemiecka ustawa o telemediach)<\/h5>\n<p> Stiller Karosseriebau und Fahrzeuglackierung Dipl. Ing. Patrick Stiller Sessendrupweg 70 48161 M\u00fcnster-Nienberge   <\/p>\n<h5>Kontakt<\/h5>\n<p> Telefon: 02533 4841 Telefax: 02533 4126 E-Mail: info@stiller-karosserie.de <\/p>\n<h5>Nr VAT-UE<\/h5>\n<p> Umsatzsteuer-Identifikationsnummer gem\u00e4\u00df \u00a7 27 a Umsatzsteuergesetz: DE260414137 <\/p>\n<h5>Odpowiedzialno\u015b\u0107 redakcyjna<\/h5>\n<p> Dipl. Ing. Patrick Stiller   <\/p>\n<h5>Rozstrzyganie spor\u00f3w w UE<\/h5>\n<p> Komisja Europejska udost\u0119pnia platform\u0119 do internetowego rozstrzygania spor\u00f3w (ODR): <a href=\"https:\/\/ec.europa.eu\/consumers\/odr\/\" target=\"_blank\" rel=\"noopener noreferrer\">https:\/\/ec.europa.eu\/consumers\/odr\/<\/a>. Nasz adres e-mail znajduje si\u0119 u g\u00f3ry na stronie Redakcja. <\/p>\n<h5>Rozstrzyganie spor\u00f3w konsumenckich\/uniwersalna komisja arbitra\u017cowa<\/h5>\n<p> Nie jeste\u015bmy sk\u0142onni ani zobowi\u0105zani do udzia\u0142u w post\u0119powaniu w sprawie rozstrzygania spor\u00f3w przed konsumenckim biurem mediacyjnym.<\/p>\n<\/div><div class=\"fusion-text fusion-text-2\"><div class=\"wpb_wrapper\">\n<h5>Koncepcja i realizacja<\/h5>\n<p> Extrodesign Werbekontor GbR <a href=\"https:\/\/www.extrodesign.de\/\" target=\"_blank\" rel=\"noopener noreferrer\">www.extrodesign.de<\/a><\/p>\n<\/div>\n<h5>Zdj\u0119cia\/materia\u0142 fotograficzny<\/h5>\n<p> Shooting: Matthias Rethmann, <a href=\"https:\/\/www.tour-files.de\/\" target=\"_blank\" rel=\"noopener noreferrer\">Tour-Files Fotografie<\/a> M\u00fcnster Freie Bilder: Pexels: cottonbro; Pixabay: adueck<\/p>\n<\/div><div class=\"fusion-clearfix\"><\/div><\/div><\/div><\/div><\/div><\/p>\n","protected":false},"excerpt":{"rendered":"","protected":false},"author":2,"featured_media":0,"parent":0,"menu_order":100,"comment_status":"closed","ping_status":"closed","template":"100-width.php","meta":{"footnotes":""},"class_list":["post-5678","page","type-page","status-publish","hentry"],"yoast_head":"<!-- This site is optimized with the Yoast SEO plugin v26.8 - https:\/\/yoast.com\/product\/yoast-seo-wordpress\/ -->\n<title>Redakcja | STILLER<\/title>\n<meta name=\"robots\" content=\"index, follow, max-snippet:-1, max-image-preview:large, max-video-preview:-1\" \/>\n<link rel=\"canonical\" href=\"https:\/\/stiller-karosserie.de\/pl\/redakcja\/\" \/>\n<meta property=\"og:locale\" content=\"pl_PL\" \/>\n<meta property=\"og:type\" content=\"article\" \/>\n<meta property=\"og:title\" content=\"Redakcja | STILLER\" \/>\n<meta property=\"og:url\" content=\"https:\/\/stiller-karosserie.de\/pl\/redakcja\/\" \/>\n<meta property=\"og:site_name\" content=\"STILLER\" \/>\n<meta property=\"article:publisher\" content=\"https:\/\/www.facebook.com\/people\/Karosseriebau-und-Autolackierei-Stiller\/100063499455041\/\" \/>\n<meta property=\"article:modified_time\" content=\"2024-07-25T07:29:59+00:00\" \/>\n<script type=\"application\/ld+json\" class=\"yoast-schema-graph\">{\"@context\":\"https:\/\/schema.org\",\"@graph\":[{\"@type\":\"WebPage\",\"@id\":\"https:\/\/stiller-karosserie.de\/pl\/redakcja\/\",\"url\":\"https:\/\/stiller-karosserie.de\/pl\/redakcja\/\",\"name\":\"Redakcja | STILLER\",\"isPartOf\":{\"@id\":\"https:\/\/stiller-karosserie.de\/pl\/#website\"},\"datePublished\":\"2021-03-24T14:31:26+00:00\",\"dateModified\":\"2024-07-25T07:29:59+00:00\",\"breadcrumb\":{\"@id\":\"https:\/\/stiller-karosserie.de\/pl\/redakcja\/#breadcrumb\"},\"inLanguage\":\"pl-PL\",\"potentialAction\":[{\"@type\":\"ReadAction\",\"target\":[\"https:\/\/stiller-karosserie.de\/pl\/redakcja\/\"]}]},{\"@type\":\"BreadcrumbList\",\"@id\":\"https:\/\/stiller-karosserie.de\/pl\/redakcja\/#breadcrumb\",\"itemListElement\":[{\"@type\":\"ListItem\",\"position\":1,\"name\":\"Startseite\",\"item\":\"https:\/\/stiller-karosserie.de\/pl\/home\/\"},{\"@type\":\"ListItem\",\"position\":2,\"name\":\"Redakcja\"}]},{\"@type\":\"WebSite\",\"@id\":\"https:\/\/stiller-karosserie.de\/pl\/#website\",\"url\":\"https:\/\/stiller-karosserie.de\/pl\/\",\"name\":\"Stiller - Autolackiererei und Karosseriewerkstatt\",\"description\":\"Fachwerkstatt f\u00fcr Karosseriebau und Fahrzeuglackierung in M\u00fcnster-Nienberge\",\"publisher\":{\"@id\":\"https:\/\/stiller-karosserie.de\/pl\/#organization\"},\"potentialAction\":[{\"@type\":\"SearchAction\",\"target\":{\"@type\":\"EntryPoint\",\"urlTemplate\":\"https:\/\/stiller-karosserie.de\/pl\/?s={search_term_string}\"},\"query-input\":{\"@type\":\"PropertyValueSpecification\",\"valueRequired\":true,\"valueName\":\"search_term_string\"}}],\"inLanguage\":\"pl-PL\"},{\"@type\":\"Organization\",\"@id\":\"https:\/\/stiller-karosserie.de\/pl\/#organization\",\"name\":\"Stiller Karosseriebau und Fahrzeuglackierung\",\"url\":\"https:\/\/stiller-karosserie.de\/pl\/\",\"logo\":{\"@type\":\"ImageObject\",\"inLanguage\":\"pl-PL\",\"@id\":\"https:\/\/stiller-karosserie.de\/pl\/#\/schema\/logo\/image\/\",\"url\":\"https:\/\/stiller-karosserie.de\/wp-content\/uploads\/2021\/03\/skl_logo_400.png\",\"contentUrl\":\"https:\/\/stiller-karosserie.de\/wp-content\/uploads\/2021\/03\/skl_logo_400.png\",\"width\":400,\"height\":214,\"caption\":\"Stiller Karosseriebau und Fahrzeuglackierung\"},\"image\":{\"@id\":\"https:\/\/stiller-karosserie.de\/pl\/#\/schema\/logo\/image\/\"},\"sameAs\":[\"https:\/\/www.facebook.com\/people\/Karosseriebau-und-Autolackierei-Stiller\/100063499455041\/\",\"https:\/\/www.instagram.com\/stiller_karosseriebau\/\"]}]}<\/script>\n<!-- \/ Yoast SEO plugin. -->","yoast_head_json":{"title":"Redakcja | STILLER","robots":{"index":"index","follow":"follow","max-snippet":"max-snippet:-1","max-image-preview":"max-image-preview:large","max-video-preview":"max-video-preview:-1"},"canonical":"https:\/\/stiller-karosserie.de\/pl\/redakcja\/","og_locale":"pl_PL","og_type":"article","og_title":"Redakcja | STILLER","og_url":"https:\/\/stiller-karosserie.de\/pl\/redakcja\/","og_site_name":"STILLER","article_publisher":"https:\/\/www.facebook.com\/people\/Karosseriebau-und-Autolackierei-Stiller\/100063499455041\/","article_modified_time":"2024-07-25T07:29:59+00:00","schema":{"@context":"https:\/\/schema.org","@graph":[{"@type":"WebPage","@id":"https:\/\/stiller-karosserie.de\/pl\/redakcja\/","url":"https:\/\/stiller-karosserie.de\/pl\/redakcja\/","name":"Redakcja | STILLER","isPartOf":{"@id":"https:\/\/stiller-karosserie.de\/pl\/#website"},"datePublished":"2021-03-24T14:31:26+00:00","dateModified":"2024-07-25T07:29:59+00:00","breadcrumb":{"@id":"https:\/\/stiller-karosserie.de\/pl\/redakcja\/#breadcrumb"},"inLanguage":"pl-PL","potentialAction":[{"@type":"ReadAction","target":["https:\/\/stiller-karosserie.de\/pl\/redakcja\/"]}]},{"@type":"BreadcrumbList","@id":"https:\/\/stiller-karosserie.de\/pl\/redakcja\/#breadcrumb","itemListElement":[{"@type":"ListItem","position":1,"name":"Startseite","item":"https:\/\/stiller-karosserie.de\/pl\/home\/"},{"@type":"ListItem","position":2,"name":"Redakcja"}]},{"@type":"WebSite","@id":"https:\/\/stiller-karosserie.de\/pl\/#website","url":"https:\/\/stiller-karosserie.de\/pl\/","name":"Stiller - Autolackiererei und Karosseriewerkstatt","description":"Fachwerkstatt f\u00fcr Karosseriebau und Fahrzeuglackierung in M\u00fcnster-Nienberge","publisher":{"@id":"https:\/\/stiller-karosserie.de\/pl\/#organization"},"potentialAction":[{"@type":"SearchAction","target":{"@type":"EntryPoint","urlTemplate":"https:\/\/stiller-karosserie.de\/pl\/?s={search_term_string}"},"query-input":{"@type":"PropertyValueSpecification","valueRequired":true,"valueName":"search_term_string"}}],"inLanguage":"pl-PL"},{"@type":"Organization","@id":"https:\/\/stiller-karosserie.de\/pl\/#organization","name":"Stiller Karosseriebau und Fahrzeuglackierung","url":"https:\/\/stiller-karosserie.de\/pl\/","logo":{"@type":"ImageObject","inLanguage":"pl-PL","@id":"https:\/\/stiller-karosserie.de\/pl\/#\/schema\/logo\/image\/","url":"https:\/\/stiller-karosserie.de\/wp-content\/uploads\/2021\/03\/skl_logo_400.png","contentUrl":"https:\/\/stiller-karosserie.de\/wp-content\/uploads\/2021\/03\/skl_logo_400.png","width":400,"height":214,"caption":"Stiller Karosseriebau und Fahrzeuglackierung"},"image":{"@id":"https:\/\/stiller-karosserie.de\/pl\/#\/schema\/logo\/image\/"},"sameAs":["https:\/\/www.facebook.com\/people\/Karosseriebau-und-Autolackierei-Stiller\/100063499455041\/","https:\/\/www.instagram.com\/stiller_karosseriebau\/"]}]}},"_links":{"self":[{"href":"https:\/\/stiller-karosserie.de\/pl\/wp-json\/wp\/v2\/pages\/5678","targetHints":{"allow":["GET"]}}],"collection":[{"href":"https:\/\/stiller-karosserie.de\/pl\/wp-json\/wp\/v2\/pages"}],"about":[{"href":"https:\/\/stiller-karosserie.de\/pl\/wp-json\/wp\/v2\/types\/page"}],"author":[{"embeddable":true,"href":"https:\/\/stiller-karosserie.de\/pl\/wp-json\/wp\/v2\/users\/2"}],"replies":[{"embeddable":true,"href":"https:\/\/stiller-karosserie.de\/pl\/wp-json\/wp\/v2\/comments?post=5678"}],"version-history":[{"count":6,"href":"https:\/\/stiller-karosserie.de\/pl\/wp-json\/wp\/v2\/pages\/5678\/revisions"}],"predecessor-version":[{"id":6914,"href":"https:\/\/stiller-karosserie.de\/pl\/wp-json\/wp\/v2\/pages\/5678\/revisions\/6914"}],"wp:attachment":[{"href":"https:\/\/stiller-karosserie.de\/pl\/wp-json\/wp\/v2\/media?parent=5678"}],"curies":[{"name":"wp","href":"https:\/\/api.w.org\/{rel}","templated":true}]}}